{"id":9435,"date":"2025-11-25T17:12:54","date_gmt":"2025-11-25T16:12:54","guid":{"rendered":"https:\/\/evropskakuca.rs\/novi-pazar\/"},"modified":"2026-03-19T17:18:34","modified_gmt":"2026-03-19T16:18:34","slug":"novi-pazar","status":"publish","type":"page","link":"https:\/\/evropskakuca.rs\/en\/novi-pazar\/","title":{"rendered":"European House Novi Pazar"},"content":{"rendered":"\t\t<div data-elementor-type=\"wp-page\" data-elementor-id=\"9435\" class=\"elementor elementor-9435 elementor-7830\" data-elementor-post-type=\"page\">\n\t\t\t\t<div class=\"elementor-element elementor-element-684d78f e-flex e-con-boxed e-con e-parent\" data-id=\"684d78f\" data-element_type=\"container\" data-e-type=\"container\" data-settings=\"{&quot;background_background&quot;:&quot;classic&quot;}\">\n\t\t\t\t\t<div class=\"e-con-inner\">\n\t\t<div class=\"elementor-element elementor-element-99e5a6d e-con-full e-flex e-con e-child\" data-id=\"99e5a6d\" data-element_type=\"container\" data-e-type=\"container\">\n\t\t\t\t<div class=\"elementor-element elementor-element-eb00e97 elementor-widget elementor-widget-heading\" data-id=\"eb00e97\" data-element_type=\"widget\" data-e-type=\"widget\" data-widget_type=\"heading.default\">\n\t\t\t\t<div class=\"elementor-widget-container\">\n\t\t\t\t\t<h2 class=\"elementor-heading-title elementor-size-default\">Novi Pazar<\/h2>\t\t\t\t<\/div>\n\t\t\t\t<\/div>\n\t\t\t\t<\/div>\n\t\t<div class=\"elementor-element elementor-element-319473e e-con-full e-flex e-con e-child\" data-id=\"319473e\" data-element_type=\"container\" data-e-type=\"container\" data-settings=\"{&quot;background_background&quot;:&quot;classic&quot;}\">\n\t\t\t\t<div class=\"elementor-element elementor-element-8904bf2 elementor-icon-list--layout-inline elementor-list-item-link-full_width elementor-widget elementor-widget-icon-list\" data-id=\"8904bf2\" data-element_type=\"widget\" data-e-type=\"widget\" data-widget_type=\"icon-list.default\">\n\t\t\t\t<div class=\"elementor-widget-container\">\n\t\t\t\t\t\t\t<ul class=\"elementor-icon-list-items elementor-inline-items\">\n\t\t\t\t\t\t\t<li class=\"elementor-icon-list-item elementor-inline-item\">\n\t\t\t\t\t\t\t\t\t\t\t<span class=\"elementor-icon-list-icon\">\n\t\t\t\t\t\t\t<i aria-hidden=\"true\" class=\"fas fa-map-marker-alt\"><\/i>\t\t\t\t\t\t<\/span>\n\t\t\t\t\t\t\t\t\t\t<span class=\"elementor-icon-list-text\"> Stevana Nemanje 2<\/span>\n\t\t\t\t\t\t\t\t\t<\/li>\n\t\t\t\t\t\t\t\t<li class=\"elementor-icon-list-item elementor-inline-item\">\n\t\t\t\t\t\t\t\t\t\t\t<span class=\"elementor-icon-list-icon\">\n\t\t\t\t\t\t\t<i aria-hidden=\"true\" class=\"fas fa-envelope\"><\/i>\t\t\t\t\t\t<\/span>\n\t\t\t\t\t\t\t\t\t\t<span class=\"elementor-icon-list-text\">officenp@evropskakuca.rs<\/span>\n\t\t\t\t\t\t\t\t\t<\/li>\n\t\t\t\t\t\t<\/ul>\n\t\t\t\t\t\t<\/div>\n\t\t\t\t<\/div>\n\t\t\t\t<\/div>\n\t\t\t\t\t<\/div>\n\t\t\t\t<\/div>\n\t\t<div class=\"elementor-element elementor-element-3a03cab e-flex e-con-boxed e-con e-parent\" data-id=\"3a03cab\" data-element_type=\"container\" data-e-type=\"container\" data-settings=\"{&quot;background_background&quot;:&quot;classic&quot;}\">\n\t\t\t\t\t<div class=\"e-con-inner\">\n\t\t<div class=\"elementor-element elementor-element-e2eac64 e-con-full e-flex e-con e-child\" data-id=\"e2eac64\" data-element_type=\"container\" data-e-type=\"container\">\n\t\t\t\t<div class=\"elementor-element elementor-element-7924534 elementor-widget elementor-widget-shortcode\" data-id=\"7924534\" data-element_type=\"widget\" data-e-type=\"widget\" data-widget_type=\"shortcode.default\">\n\t\t\t\t<div class=\"elementor-widget-container\">\n\t\t\t\t\t\t\t<div class=\"elementor-shortcode\">    <div class=\"calendar-main\">\n        <!-- Izvu\u010den span van prevoda da bi se izbeglo escape-ovanje -->\n        <h2 id=\"city-text\">What's new in <span>Novi Pazar<\/span><\/h2>\n\n        <div id=\"calendar\"><\/div>\n        <div class=\"button-container\">\n            <div class=\"button-container-ali\">\n                <button data-city=\"Beograd\" class=\"city-button\">\n                    Belgrade                    <svg width=\"82\" height=\"51\" viewBox=\"0 0 82 51\" xmlns=\"http:\/\/www.w3.org\/2000\/svg\">\n                        <path d=\"M0 39.3028L11.6981 50.9838L26.7565 35.9043L15.1649 24.2273H0V39.3028Z\"><\/path>\n                    <\/svg>\n                <\/button>\n                <button data-city=\"Novi Sad\" class=\"city-button\">\n                    Novi Sadvi Sad                    <svg width=\"82\" height=\"51\" viewBox=\"0 0 82 51\" xmlns=\"http:\/\/www.w3.org\/2000\/svg\">\n                        <path d=\"M0 39.3028L11.6981 50.9838L26.7565 35.9043L15.1649 24.2273H0V39.3028Z\"><\/path>\n                    <\/svg>\n                <\/button>\n                <button data-city=\"Nis\" class=\"city-button\">\n                    Nis                    <svg width=\"82\" height=\"51\" viewBox=\"0 0 82 51\" xmlns=\"http:\/\/www.w3.org\/2000\/svg\">\n                        <path d=\"M0 39.3028L11.6981 50.9838L26.7565 35.9043L15.1649 24.2273H0V39.3028Z\"><\/path>\n                    <\/svg>\n                <\/button>\n                <button data-city=\"Novi Pazar\" class=\"city-button\">\n                    Novi Pazar                    <svg width=\"82\" height=\"51\" viewBox=\"0 0 82 51\" xmlns=\"http:\/\/www.w3.org\/2000\/svg\">\n                        <path d=\"M0 39.3028L11.6981 50.9838L26.7565 35.9043L15.1649 24.2273H0V39.3028Z\"><\/path>\n                    <\/svg>\n                <\/button>\n            <\/div>\n            <div id=\"events-container\"><\/div>\n            <div style=\"display:none;\" id=\"no-events-msg\">Please select a city to see events.<\/div>\n        <\/div>\n    <\/div>\n\n    <script src='https:\/\/cdn.jsdelivr.net\/npm\/fullcalendar@5.11.0\/main.min.js'><\/script>\n    <script src='https:\/\/cdn.jsdelivr.net\/npm\/fullcalendar@5.11.0\/locales\/sr.js'><\/script>\n    <script type=\"text\/javascript\">\n        document.addEventListener('DOMContentLoaded', function() {\n            var calendarEl = document.getElementById('calendar');\n            if (!calendarEl) return;\n\n            var cityTranslations = {\"Beograd\":\"Belgrade\",\"Novi Sad\":\"Novi Sad\",\"Nis\":\"Nis\",\"Novi Pazar\":\"Novi Pazar\"};\n            \/\/ \u010cist tekst bez tagova za JS prevod\n            var prefixText = \"What\\'s new in\";\n\n            var apiUrl = 'https:\/\/evropskakuca.rs\/wp-json\/wp\/v2\/dogadjaj?per_page=60';\n            var cachedEvents = [];\n\n            var monthTranslations = {\n                'January': 'Januar', 'February': 'Februar', 'March': 'Mart', 'April': 'April',\n                'May': 'Maj', 'June': 'Jun', 'July': 'Jul', 'August': 'Avgust',\n                'September': 'Septembar', 'October': 'Oktobar', 'November': 'Novembar', 'December': 'Decembar',\n                '\u0458\u0430\u043d\u0443\u0430\u0440': 'Januar', '\u0444\u0435\u0431\u0440\u0443\u0430\u0440': 'Februar', '\u043c\u0430\u0440\u0442': 'Mart', '\u0430\u043f\u0440\u0438\u043b': 'April',\n                '\u043c\u0430\u0458': 'Maj', '\u0458\u0443\u043d': 'Jun', '\u0458\u0443\u043b': 'Jul', '\u0430\u0432\u0433\u0443\u0441\u0442': 'Avgust',\n                '\u0441\u0435\u043f\u0442\u0435\u043c\u0431\u0430\u0440': 'Septembar', '\u043e\u043a\u0442\u043ebar': 'Oktobar', '\u043d\u043e\u0432\u0435\u043c\u0431\u0430\u0440': 'Novembar', '\u0434\u0435\u0446\u0435\u043c\u0431\u0430\u0440': 'Decembar'\n            };\n\n            var dayTranslations = {\n                'Mon': 'Pon', 'Tue': 'Uto', 'Wed': 'Sre', 'Thu': '\u010cet', 'Fri': 'Pet', 'Sat': 'Sub', 'Sun': 'Ned',\n                '\u043f\u043e\u043d': 'Pon', '\u0443\u0442\u043e': 'Uto', '\u0441\u0440\u0435': 'Sre', '\u0447\u0435\u0442': '\u010cet', '\u043f\u0435\u0442': 'Pet', '\u0441\u0443\u0431': 'Sub', '\u043d\u0435\u0434': 'Ned'\n            };\n\n            function formatDate(dateStr) {\n                if (!dateStr) return null;\n                dateStr = dateStr.toString().trim();\n                if (dateStr.includes('.')) {\n                    var parts = dateStr.split('.');\n                    if (parts.length >= 3) return `${parts[2]}-${parts[1].padStart(2, '0')}-${parts[0].padStart(2, '0')}`;\n                }\n                if (dateStr.length === 8 && !isNaN(dateStr)) {\n                    return dateStr.slice(0, 4) + '-' + dateStr.slice(4, 6) + '-' + dateStr.slice(6);\n                }\n                return dateStr;\n            }\n\n            function translateCalendarText() {\n                var titleElement = document.querySelector('.fc-toolbar-title');\n                if (titleElement) {\n                    var currentTitle = titleElement.innerText.trim();\n                    var month = currentTitle.split(' ')[0];\n                    if (monthTranslations[month]) titleElement.innerHTML = monthTranslations[month];\n                }\n                document.querySelectorAll('.fc-col-header-cell-cushion').forEach(function(dayElement) {\n                    var currentDay = dayElement.innerText.trim();\n                    if (dayTranslations[currentDay]) dayElement.innerText = dayTranslations[currentDay];\n                });\n            }\n\n            var calendar = new FullCalendar.Calendar(calendarEl, {\n                locale: 'en',\n                initialView: 'dayGridMonth',\n                firstDay: 1,\n                dateClick: function(info) {\n                    var selectedCity = document.querySelector('button.active')?.dataset.city;\n                    displayEventsFromCache(selectedCity, info.dateStr);\n                },\n                events: function(fetchInfo, successCallback, failureCallback) {\n                    fetch(apiUrl)\n                        .then(response => response.json())\n                        .then(data => {\n                            cachedEvents = data;\n                            var events = [];\n                            var city = document.querySelector('button.active')?.dataset.city;\n                            if (city) {\n                                data.forEach(event => {\n                                    var eventCity = event.acf.Grad || event.grad;\n                                    var repeater = event.acf.test_ripiter;\n                                    if (eventCity && eventCity.toLowerCase() === city.toLowerCase()) {\n                                        if (repeater && Array.isArray(repeater)) {\n                                            repeater.forEach(entry => {\n                                                var fDate = formatDate(entry.test_ripiter_datum);\n                                                if (fDate) events.push({ start: fDate });\n                                            });\n                                        } else {\n                                            var fStart = formatDate(event.acf.Vreme);\n                                            var fEnd = formatDate(event.acf.vreme_zavrsetka);\n                                            if (fStart) events.push({ start: fStart, end: fEnd });\n                                        }\n                                    }\n                                });\n                            }\n                            successCallback(events);\n                            addEventMarkers(events);\n                        })\n                        .catch(error => failureCallback(error));\n                },\n                viewDidMount: translateCalendarText,\n                datesSet: translateCalendarText\n            });\n\n            calendar.render();\n\n            function displayEventsFromCache(city, date) {\n                if (!city || !date) return;\n                var eventsHtml = '';\n                var eventsFound = false;\n\n                cachedEvents.forEach(event => {\n                    var eventCity = event.acf.Grad || event.grad;\n                    var repeater = event.acf.test_ripiter;\n                    if (eventCity && eventCity.toLowerCase() === city.toLowerCase()) {\n                        let matched = false;\n                        if (repeater && Array.isArray(repeater)) {\n                            repeater.forEach(entry => {\n                                if (formatDate(entry.test_ripiter_datum) === date) matched = true;\n                            });\n                        } else {\n                            var fStart = formatDate(event.acf.Vreme);\n                            var fEnd = formatDate(event.acf.vreme_zavrsetka);\n                            if (fStart === date || (fEnd && date >= fStart && date <= fEnd)) matched = true;\n                        }\n\n                        if (matched) {\n                            eventsHtml += `<div class=\"event\"><a href=\"${event.link}\" target=\"_blank\"><h3>${event.title.rendered}<\/h3><div>${event.content.rendered}<\/div><\/a><\/div>`;\n                            eventsFound = true;\n                        }\n                    }\n                });\n                var emptyMsg = \"No events for this date.\";\n                document.getElementById('events-container').innerHTML = eventsFound ? eventsHtml : emptyMsg;\n            }\n\n            function addEventMarkers(events) {\n                document.querySelectorAll('.event-marker').forEach(m => m.remove());\n                document.querySelectorAll('.fc-daygrid-day.fc-has-event').forEach(d => d.classList.remove('fc-has-event'));\n\n                events.forEach(event => {\n                    var dayEl = document.querySelector(`[data-date=\"${event.start}\"]`);\n                    if (dayEl) {\n                        dayEl.classList.add('fc-has-event');\n                        var marker = document.createElementNS(\"http:\/\/www.w3.org\/2000\/svg\", \"svg\");\n                        marker.setAttribute(\"viewBox\", \"0 0 82 51\");\n                        marker.classList.add('event-marker');\n                        var path = document.createElementNS(\"http:\/\/www.w3.org\/2000\/svg\", \"path\");\n                        path.setAttribute(\"d\", \"M0 39.3028L11.6981 50.9838L26.7565 35.9043L15.1649 24.2273H0V39.3028Z\");\n                        path.setAttribute(\"fill\", \"#000000\"); \n                        marker.appendChild(path);\n                        dayEl.appendChild(marker);\n                    }\n                });\n            }\n\n            document.querySelectorAll('.city-button').forEach(button => {\n                button.addEventListener('click', function() {\n                    document.querySelectorAll('.city-button').forEach(btn => btn.classList.remove('active'));\n                    this.classList.add('active');\n                    calendar.refetchEvents();\n                    updateEventsText(this.dataset.city);\n                });\n            });\n\n            function updateEventsText(city) {\n                var cityName = cityTranslations[city] || city;\n                \/\/ Ru\u010dno lepimo tagove da bi se renderovali kao HTML\n                document.getElementById('city-text').innerHTML = prefixText + ' <span>' + cityName + '<\/span>';\n            }\n\n            var defaultCity = 'Novi Pazar';\n            document.querySelector(`[data-city=\"${defaultCity}\"]`)?.classList.add('active');\n            updateEventsText(defaultCity);\n        });\n    <\/script>\n    <style>\n        .event-marker { width: 25px; height: 15px; position: absolute; bottom: 5px; left: 5px; pointer-events: none; }\n        .fc-daygrid-day { position: relative; }\n        .fc-has-event { background-color: rgba(0, 0, 0, 0.05) !important; cursor: pointer; }\n    <\/style>\n    <\/div>\n\t\t\t\t\t\t<\/div>\n\t\t\t\t<\/div>\n\t\t\t\t<\/div>\n\t\t\t\t\t<\/div>\n\t\t\t\t<\/div>\n\t\t<div class=\"elementor-element elementor-element-7bae721 e-flex e-con-boxed e-con e-parent\" data-id=\"7bae721\" data-element_type=\"container\" data-e-type=\"container\">\n\t\t\t\t\t<div class=\"e-con-inner\">\n\t\t\t\t<div class=\"elementor-element elementor-element-79e21ab elementor-widget elementor-widget-heading\" data-id=\"79e21ab\" data-element_type=\"widget\" data-e-type=\"widget\" data-widget_type=\"heading.default\">\n\t\t\t\t<div class=\"elementor-widget-container\">\n\t\t\t\t\t<h2 class=\"elementor-heading-title elementor-size-default\">Vesti<\/h2>\t\t\t\t<\/div>\n\t\t\t\t<\/div>\n\t\t\t\t\t<\/div>\n\t\t\t\t<\/div>\n\t\t<div class=\"elementor-element elementor-element-2fa03d8 e-flex e-con-boxed e-con e-parent\" data-id=\"2fa03d8\" data-element_type=\"container\" data-e-type=\"container\">\n\t\t\t\t\t<div class=\"e-con-inner\">\n\t\t\t\t<div class=\"elementor-element elementor-element-543b0bd elementor-grid-3 elementor-grid-tablet-2 elementor-grid-mobile-1 elementor-widget elementor-widget-loop-grid\" data-id=\"543b0bd\" data-element_type=\"widget\" data-e-type=\"widget\" data-settings=\"{&quot;template_id&quot;:2534,&quot;_skin&quot;:&quot;post&quot;,&quot;columns&quot;:&quot;3&quot;,&quot;columns_tablet&quot;:&quot;2&quot;,&quot;columns_mobile&quot;:&quot;1&quot;,&quot;edit_handle_selector&quot;:&quot;[data-elementor-type=\\&quot;loop-item\\&quot;]&quot;,&quot;row_gap&quot;:{&quot;unit&quot;:&quot;px&quot;,&quot;size&quot;:&quot;&quot;,&quot;sizes&quot;:[]},&quot;row_gap_laptop&quot;:{&quot;unit&quot;:&quot;px&quot;,&quot;size&quot;:&quot;&quot;,&quot;sizes&quot;:[]},&quot;row_gap_tablet&quot;:{&quot;unit&quot;:&quot;px&quot;,&quot;size&quot;:&quot;&quot;,&quot;sizes&quot;:[]},&quot;row_gap_mobile&quot;:{&quot;unit&quot;:&quot;px&quot;,&quot;size&quot;:&quot;&quot;,&quot;sizes&quot;:[]}}\" data-widget_type=\"loop-grid.post\">\n\t\t\t\t<div class=\"elementor-widget-container\">\n\t\t\t\t\t\t\t<div class=\"e-loop-nothing-found-message\">\n\t\t<\/div>\n\t\t\t\t\t\t<\/div>\n\t\t\t\t<\/div>\n\t\t\t\t<div class=\"elementor-element elementor-element-1a447b6 elementor-align-center elementor-widget elementor-widget-button\" data-id=\"1a447b6\" data-element_type=\"widget\" data-e-type=\"widget\" data-widget_type=\"button.default\">\n\t\t\t\t<div class=\"elementor-widget-container\">\n\t\t\t\t\t\t\t\t\t<div class=\"elementor-button-wrapper\">\n\t\t\t\t\t<a class=\"elementor-button elementor-button-link elementor-size-sm\" href=\"https:\/\/evropskakuca.rs\/izvestaj-novi-pazar\/\">\n\t\t\t\t\t\t<span class=\"elementor-button-content-wrapper\">\n\t\t\t\t\t\t<span class=\"elementor-button-icon\">\n\t\t\t\t<i aria-hidden=\"true\" class=\"fas fa-arrow-right\"><\/i>\t\t\t<\/span>\n\t\t\t\t\t\t\t\t\t<span class=\"elementor-button-text\">Pogledajte sve vesti<\/span>\n\t\t\t\t\t<\/span>\n\t\t\t\t\t<\/a>\n\t\t\t\t<\/div>\n\t\t\t\t\t\t\t\t<\/div>\n\t\t\t\t<\/div>\n\t\t\t\t\t<\/div>\n\t\t\t\t<\/div>\n\t\t<div class=\"elementor-element elementor-element-4c9958f e-flex e-con-boxed e-con e-parent\" data-id=\"4c9958f\" data-element_type=\"container\" data-e-type=\"container\">\n\t\t\t\t\t<div class=\"e-con-inner\">\n\t\t<div class=\"elementor-element elementor-element-a9f7103 e-con-full e-flex e-con e-child\" data-id=\"a9f7103\" data-element_type=\"container\" data-e-type=\"container\">\n\t\t\t\t<div class=\"elementor-element elementor-element-e1d006c elementor-widget elementor-widget-heading\" data-id=\"e1d006c\" data-element_type=\"widget\" data-e-type=\"widget\" data-widget_type=\"heading.default\">\n\t\t\t\t<div class=\"elementor-widget-container\">\n\t\t\t\t\t<h2 class=\"elementor-heading-title elementor-size-default\">Evropska ku\u0107a Novi Pazar\n<\/h2>\t\t\t\t<\/div>\n\t\t\t\t<\/div>\n\t\t\t\t<div class=\"elementor-element elementor-element-380c7eb elementor-widget elementor-widget-text-editor\" data-id=\"380c7eb\" data-element_type=\"widget\" data-e-type=\"widget\" data-widget_type=\"text-editor.default\">\n\t\t\t\t<div class=\"elementor-widget-container\">\n\t\t\t\t\t\t\t\t\t<div class=\"elementor-element elementor-element-1954f82 elementor-widget elementor-widget-text-editor\" data-id=\"1954f82\" data-element_type=\"widget\" data-widget_type=\"text-editor.default\"><div class=\"elementor-widget-container\"><p>U samom centru grada, u blizini \u017ditnog trga <em>(ul. Stevana Nemanje 2<\/em>) nalazi se <strong>Evropska ku\u0107a Novi Pazar<\/strong> \u2013 prostor otvoren za sve va\u0161e ideje, pitanja i inicijative vezane za Evropsku uniju.<\/p><p>Na\u0161a vrata su otvorena za sve teme koje su va\u017ene<strong> za lokalnu zajednicu, na\u0161 region jugozapadne Srbije i put Srbije ka Evropskoj uniji.<\/strong> Mesto smo gde je mogu\u0107e u\u010diti i unaprediti svoje sposobnosti kroz radionice i obrazovne doga\u0111aje. Kod nas mo\u017eete dobiti informacije o mogu\u0107nostima za <strong>inovacije, obrazovanje, kulturu, sport ili razvoj mladih,<\/strong> kako biste mogli aktivno da se uklju\u010dite u projekte i aktivnosti koje Evropska unija nudi gra\u0111anima Srbije.<\/p><\/div><\/div>\t\t\t\t\t\t\t\t<\/div>\n\t\t\t\t<\/div>\n\t\t\t\t<\/div>\n\t\t<div class=\"elementor-element elementor-element-8a8ac8d e-con-full e-flex e-con e-child\" data-id=\"8a8ac8d\" data-element_type=\"container\" data-e-type=\"container\">\n\t\t\t\t<div class=\"elementor-element elementor-element-9d98db3 elementor-widget elementor-widget-image\" data-id=\"9d98db3\" data-element_type=\"widget\" data-e-type=\"widget\" data-widget_type=\"image.default\">\n\t\t\t\t<div class=\"elementor-widget-container\">\n\t\t\t\t\t\t\t\t\t\t\t\t\t\t\t<img decoding=\"async\" src=\"https:\/\/evropskakuca.rs\/wp-content\/uploads\/elementor\/thumbs\/f94ac106-3944-4df7-8525-6a67fc7d208c-rfkbct47b7ebpegma1z6cg4cmdhuf29r6k0emskkcw.jpg\" title=\"Novi Pazar\" alt=\"Novi Pazar\" loading=\"lazy\" \/>\t\t\t\t\t\t\t\t\t\t\t\t\t\t\t<\/div>\n\t\t\t\t<\/div>\n\t\t\t\t<\/div>\n\t\t\t\t\t<\/div>\n\t\t\t\t<\/div>\n\t\t\t\t<\/div>\n\t\t","protected":false},"excerpt":{"rendered":"<p>Novi Pazar Stevana Nemanje 2 officenp@evropskakuca.rs Vesti Pogledajte sve vesti Evropska ku\u0107a Novi Pazar U samom centru grada, u blizini \u017ditnog trga (ul. Stevana Nemanje 2) nalazi se Evropska ku\u0107a Novi Pazar \u2013 prostor otvoren za sve va\u0161e ideje, pitanja i inicijative vezane za Evropsku uniju. Na\u0161a vrata su otvorena za sve teme koje su [&hellip;]<\/p>\n","protected":false},"author":13,"featured_media":0,"parent":0,"menu_order":0,"comment_status":"closed","ping_status":"closed","template":"","meta":{"_acf_changed":false,"footnotes":""},"class_list":["post-9435","page","type-page","status-publish","hentry"],"acf":[],"_links":{"self":[{"href":"https:\/\/evropskakuca.rs\/en\/wp-json\/wp\/v2\/pages\/9435","targetHints":{"allow":["GET"]}}],"collection":[{"href":"https:\/\/evropskakuca.rs\/en\/wp-json\/wp\/v2\/pages"}],"about":[{"href":"https:\/\/evropskakuca.rs\/en\/wp-json\/wp\/v2\/types\/page"}],"author":[{"embeddable":true,"href":"https:\/\/evropskakuca.rs\/en\/wp-json\/wp\/v2\/users\/13"}],"replies":[{"embeddable":true,"href":"https:\/\/evropskakuca.rs\/en\/wp-json\/wp\/v2\/comments?post=9435"}],"version-history":[{"count":5,"href":"https:\/\/evropskakuca.rs\/en\/wp-json\/wp\/v2\/pages\/9435\/revisions"}],"predecessor-version":[{"id":9872,"href":"https:\/\/evropskakuca.rs\/en\/wp-json\/wp\/v2\/pages\/9435\/revisions\/9872"}],"wp:attachment":[{"href":"https:\/\/evropskakuca.rs\/en\/wp-json\/wp\/v2\/media?parent=9435"}],"curies":[{"name":"wp","href":"https:\/\/api.w.org\/{rel}","templated":true}]}}