{"id":9442,"date":"2026-02-24T11:16:15","date_gmt":"2026-02-24T10:16:15","guid":{"rendered":"https:\/\/evropskakuca.rs\/zeleni-kutak-evropske-kuce\/"},"modified":"2026-03-01T17:51:33","modified_gmt":"2026-03-01T16:51:33","slug":"zeleni-kutak-evropske-kuce","status":"publish","type":"page","link":"https:\/\/evropskakuca.rs\/en\/zeleni-kutak-evropske-kuce\/","title":{"rendered":"Zeleni kutak Evropske ku\u0107e"},"content":{"rendered":"\t\t<div data-elementor-type=\"wp-page\" data-elementor-id=\"9442\" class=\"elementor elementor-9442 elementor-9064\" data-elementor-post-type=\"page\">\n\t\t\t\t<div class=\"elementor-element elementor-element-7e6fa269 e-flex e-con-boxed e-con e-parent\" data-id=\"7e6fa269\" data-element_type=\"container\" data-e-type=\"container\">\n\t\t\t\t\t<div class=\"e-con-inner\">\n\t\t\t\t<div class=\"elementor-element elementor-element-cbdd419 elementor-widget elementor-widget-heading\" data-id=\"cbdd419\" data-element_type=\"widget\" data-e-type=\"widget\" data-widget_type=\"heading.default\">\n\t\t\t\t<div class=\"elementor-widget-container\">\n\t\t\t\t\t<h1 class=\"elementor-heading-title elementor-size-default\">Green Corner je vi\u0161e od izloga \u2013 to je otvoreni poziv na dijalog o budu\u0107nosti koju gradimo zajedno<\/h1>\t\t\t\t<\/div>\n\t\t\t\t<\/div>\n\t\t\t\t<div class=\"elementor-element elementor-element-537607d elementor-widget-divider--view-line elementor-widget elementor-widget-divider\" data-id=\"537607d\" data-element_type=\"widget\" data-e-type=\"widget\" data-widget_type=\"divider.default\">\n\t\t\t\t<div class=\"elementor-widget-container\">\n\t\t\t\t\t\t\t<div class=\"elementor-divider\">\n\t\t\t<span class=\"elementor-divider-separator\">\n\t\t\t\t\t\t<\/span>\n\t\t<\/div>\n\t\t\t\t\t\t<\/div>\n\t\t\t\t<\/div>\n\t\t\t\t\t<\/div>\n\t\t\t\t<\/div>\n\t\t<div class=\"elementor-element elementor-element-d96c993 e-flex e-con-boxed e-con e-parent\" data-id=\"d96c993\" data-element_type=\"container\" data-e-type=\"container\">\n\t\t\t\t\t<div class=\"e-con-inner\">\n\t\t<div class=\"elementor-element elementor-element-cdae6a4 e-con-full e-flex e-con e-child\" data-id=\"cdae6a4\" data-element_type=\"container\" data-e-type=\"container\">\n\t\t\t\t<div class=\"elementor-element elementor-element-3daafa73 elementor-widget elementor-widget-text-editor\" data-id=\"3daafa73\" data-element_type=\"widget\" data-e-type=\"widget\" data-widget_type=\"text-editor.default\">\n\t\t\t\t<div class=\"elementor-widget-container\">\n\t\t\t\t\t\t\t\t\t<p>U prostoru Evropske ku\u0107e, akvarijum sa autohtonim re\u010dnim vrstama podse\u0107a da su prirodni resursi Srbije \u017eivi sistemi koje treba \u010duvati, razumeti i unapre\u0111ivati. Dizajn u zelenim tonovima i pristup ka dodatnim sadr\u017eajima povezuju prolaznike sa konkretnim informacijama o evropskim zelenim politikama, projektima i prilikama za uklju\u010divanje. Green Corner tako spaja prirodu, znanje i tehnologiju u jedinstveno iskustvo dostupno svima.<\/p><p><strong>Evropska unija aktivno sara\u0111uje sa Srbijom na brojnim projektima iz oblasti za\u0161tite \u017eivotne sredine, energetske efikasnosti, upravljanja otpadom, kvaliteta vazduha i voda, kao i razvoja obnovljivih izvora energije. Kroz investicije, tehni\u010dku podr\u0161ku i razmenu znanja, EU doprinosi modernizaciji infrastrukture, ja\u010danju kapaciteta lokalnih zajednica i unapre\u0111enju standarda za\u0161tite prirode.<\/strong><\/p><p><strong>\u00a0<\/strong><strong>Srpske zajednice, gradovi i op\u0161tine aktivno u\u010destvuju u inicijativama kao \u0161to su Evropska zelena nedelja, Nedelja zelene diplomatije, Evropska nedelja mobilnosti i brojne druge kampanje koje promovi\u0161u odr\u017eive navike, odgovorno kori\u0161\u0107enje resursa i zdravije urbane sredine. Ove aktivnosti podsti\u010du gra\u0111ane da biraju odr\u017eive vidove prevoza, \u0161tede energiju, smanjuju otpad i aktivno u\u010destvuju u o\u010duvanju prostora u kojem \u017eive.<\/strong><\/p><p>Zelena tranzicija nije apstraktan koncept \u2013 ona podrazumeva konkretne promene u svakodnevnom \u017eivotu: efikasnije javne zgrade, \u010distiji vazduh, za\u0161ti\u0107ene reke, obnovljive izvore energije i gradove prilago\u0111ene ljudima. U sredi\u0161tu tih promena su lokalne zajednice i partnerstva izme\u0111u institucija, civilnog dru\u0161tva, privatnog sektora i gra\u0111ana.<\/p><p>Green Corner simboli\u010dno prenosi tu poruku u javni prostor: priroda i razvoj ne stoje nasuprot jedno drugom. Uz odgovorne politike, pametne investicije i aktivno u\u010de\u0161\u0107e zajednice, mogu\u0107e je graditi odr\u017eivu budu\u0107nost u kojoj se ekonomski napredak i za\u0161tita \u017eivotne sredine me\u0111usobno podupiru.<\/p><p>\u017divotna sredina u kojoj danas \u017eivimo nije samo na\u0161e pravo \u2013 ona je i odgovornost prema generacijama koje dolaze.<\/p>\t\t\t\t\t\t\t\t<\/div>\n\t\t\t\t<\/div>\n\t\t\t\t<\/div>\n\t\t<div class=\"elementor-element elementor-element-c62a014 e-con-full e-flex e-con e-child\" data-id=\"c62a014\" data-element_type=\"container\" data-e-type=\"container\">\n\t\t\t\t<div class=\"elementor-element elementor-element-8db3b72 elementor-widget elementor-widget-html\" data-id=\"8db3b72\" data-element_type=\"widget\" data-e-type=\"widget\" data-widget_type=\"html.default\">\n\t\t\t\t<div class=\"elementor-widget-container\">\n\t\t\t\t\t<blockquote class=\"instagram-media\" data-instgrm-permalink=\"https:\/\/www.instagram.com\/reel\/DRb7CR3E23Q\/?utm_source=ig_embed&amp;utm_campaign=loading\" data-instgrm-version=\"14\" style=\" background:#FFF; border:0; border-radius:3px; box-shadow:0 0 1px 0 rgba(0,0,0,0.5),0 1px 10px 0 rgba(0,0,0,0.15); margin: 1px; max-width:540px; min-width:326px; padding:0; width:99.375%; width:-webkit-calc(100% - 2px); width:calc(100% - 2px);\"><div style=\"padding:16px;\"> <a href=\"https:\/\/www.instagram.com\/reel\/DRb7CR3E23Q\/?utm_source=ig_embed&amp;utm_campaign=loading\" style=\" background:#FFFFFF; line-height:0; padding:0 0; text-align:center; text-decoration:none; width:100%;\" target=\"_blank\"> <div style=\" display: flex; flex-direction: row; align-items: center;\"> <div style=\"background-color: #F4F4F4; border-radius: 50%; flex-grow: 0; height: 40px; margin-right: 14px; width: 40px;\"><\/div> <div style=\"display: flex; flex-direction: column; flex-grow: 1; justify-content: center;\"> <div style=\" background-color: #F4F4F4; border-radius: 4px; flex-grow: 0; height: 14px; margin-bottom: 6px; width: 100px;\"><\/div> <div style=\" background-color: #F4F4F4; border-radius: 4px; flex-grow: 0; height: 14px; width: 60px;\"><\/div><\/div><\/div><div style=\"padding: 19% 0;\"><\/div> <div style=\"display:block; height:50px; margin:0 auto 12px; width:50px;\"><svg width=\"50px\" height=\"50px\" viewBox=\"0 0 60 60\" version=\"1.1\" xmlns=\"https:\/\/www.w3.org\/2000\/svg\" xmlns:xlink=\"https:\/\/www.w3.org\/1999\/xlink\"><g stroke=\"none\" stroke-width=\"1\" fill=\"none\" fill-rule=\"evenodd\"><g transform=\"translate(-511.000000, -20.000000)\" fill=\"#000000\"><g><path d=\"M556.869,30.41 C554.814,30.41 553.148,32.076 553.148,34.131 C553.148,36.186 554.814,37.852 556.869,37.852 C558.924,37.852 560.59,36.186 560.59,34.131 C560.59,32.076 558.924,30.41 556.869,30.41 M541,60.657 C535.114,60.657 530.342,55.887 530.342,50 C530.342,44.114 535.114,39.342 541,39.342 C546.887,39.342 551.658,44.114 551.658,50 C551.658,55.887 546.887,60.657 541,60.657 M541,33.886 C532.1,33.886 524.886,41.1 524.886,50 C524.886,58.899 532.1,66.113 541,66.113 C549.9,66.113 557.115,58.899 557.115,50 C557.115,41.1 549.9,33.886 541,33.886 M565.378,62.101 C565.244,65.022 564.756,66.606 564.346,67.663 C563.803,69.06 563.154,70.057 562.106,71.106 C561.058,72.155 560.06,72.803 558.662,73.347 C557.607,73.757 556.021,74.244 553.102,74.378 C549.944,74.521 548.997,74.552 541,74.552 C533.003,74.552 532.056,74.521 528.898,74.378 C525.979,74.244 524.393,73.757 523.338,73.347 C521.94,72.803 520.942,72.155 519.894,71.106 C518.846,70.057 518.197,69.06 517.654,67.663 C517.244,66.606 516.755,65.022 516.623,62.101 C516.479,58.943 516.448,57.996 516.448,50 C516.448,42.003 516.479,41.056 516.623,37.899 C516.755,34.978 517.244,33.391 517.654,32.338 C518.197,30.938 518.846,29.942 519.894,28.894 C520.942,27.846 521.94,27.196 523.338,26.654 C524.393,26.244 525.979,25.756 528.898,25.623 C532.057,25.479 533.004,25.448 541,25.448 C548.997,25.448 549.943,25.479 553.102,25.623 C556.021,25.756 557.607,26.244 558.662,26.654 C560.06,27.196 561.058,27.846 562.106,28.894 C563.154,29.942 563.803,30.938 564.346,32.338 C564.756,33.391 565.244,34.978 565.378,37.899 C565.522,41.056 565.552,42.003 565.552,50 C565.552,57.996 565.522,58.943 565.378,62.101 M570.82,37.631 C570.674,34.438 570.167,32.258 569.425,30.349 C568.659,28.377 567.633,26.702 565.965,25.035 C564.297,23.368 562.623,22.342 560.652,21.575 C558.743,20.834 556.562,20.326 553.369,20.18 C550.169,20.033 549.148,20 541,20 C532.853,20 531.831,20.033 528.631,20.18 C525.438,20.326 523.257,20.834 521.349,21.575 C519.376,22.342 517.703,23.368 516.035,25.035 C514.368,26.702 513.342,28.377 512.574,30.349 C511.834,32.258 511.326,34.438 511.181,37.631 C511.035,40.831 511,41.851 511,50 C511,58.147 511.035,59.17 511.181,62.369 C511.326,65.562 511.834,67.743 512.574,69.651 C513.342,71.625 514.368,73.296 516.035,74.965 C517.703,76.634 519.376,77.658 521.349,78.425 C523.257,79.167 525.438,79.673 528.631,79.82 C531.831,79.965 532.853,80.001 541,80.001 C549.148,80.001 550.169,79.965 553.369,79.82 C556.562,79.673 558.743,79.167 560.652,78.425 C562.623,77.658 564.297,76.634 565.965,74.965 C567.633,73.296 568.659,71.625 569.425,69.651 C570.167,67.743 570.674,65.562 570.82,62.369 C570.966,59.17 571,58.147 571,50 C571,41.851 570.966,40.831 570.82,37.631\"><\/path><\/g><\/g><\/g><\/svg><\/div><div style=\"padding-top: 8px;\"> <div style=\" color:#3897f0; font-family:Arial,sans-serif; font-size:14px; font-style:normal; font-weight:550; line-height:18px;\">View this post on Instagram<\/div><\/div><div style=\"padding: 12.5% 0;\"><\/div> <div style=\"display: flex; flex-direction: row; margin-bottom: 14px; align-items: center;\"><div> <div style=\"background-color: #F4F4F4; border-radius: 50%; height: 12.5px; width: 12.5px; transform: translateX(0px) translateY(7px);\"><\/div> <div style=\"background-color: #F4F4F4; height: 12.5px; transform: rotate(-45deg) translateX(3px) translateY(1px); width: 12.5px; flex-grow: 0; margin-right: 14px; margin-left: 2px;\"><\/div> <div style=\"background-color: #F4F4F4; border-radius: 50%; height: 12.5px; width: 12.5px; transform: translateX(9px) translateY(-18px);\"><\/div><\/div><div style=\"margin-left: 8px;\"> <div style=\" background-color: #F4F4F4; border-radius: 50%; flex-grow: 0; height: 20px; width: 20px;\"><\/div> <div style=\" width: 0; height: 0; border-top: 2px solid transparent; border-left: 6px solid #f4f4f4; border-bottom: 2px solid transparent; transform: translateX(16px) translateY(-4px) rotate(30deg)\"><\/div><\/div><div style=\"margin-left: auto;\"> <div style=\" width: 0px; border-top: 8px solid #F4F4F4; border-right: 8px solid transparent; transform: translateY(16px);\"><\/div> <div style=\" background-color: #F4F4F4; flex-grow: 0; height: 12px; width: 16px; transform: translateY(-4px);\"><\/div> <div style=\" width: 0; height: 0; border-top: 8px solid #F4F4F4; border-left: 8px solid transparent; transform: translateY(-4px) translateX(8px);\"><\/div><\/div><\/div> <div style=\"display: flex; flex-direction: column; flex-grow: 1; justify-content: center; margin-bottom: 24px;\"> <div style=\" background-color: #F4F4F4; border-radius: 4px; flex-grow: 0; height: 14px; margin-bottom: 6px; width: 224px;\"><\/div> <div style=\" background-color: #F4F4F4; border-radius: 4px; flex-grow: 0; height: 14px; width: 144px;\"><\/div><\/div><\/a><p style=\" color:#c9c8cd; font-family:Arial,sans-serif; font-size:14px; line-height:17px; margin-bottom:0; margin-top:8px; overflow:hidden; padding:8px 0 7px; text-align:center; text-overflow:ellipsis; white-space:nowrap;\"><a href=\"https:\/\/www.instagram.com\/reel\/DRb7CR3E23Q\/?utm_source=ig_embed&amp;utm_campaign=loading\" style=\" color:#c9c8cd; font-family:Arial,sans-serif; font-size:14px; font-style:normal; font-weight:normal; line-height:17px; text-decoration:none;\" target=\"_blank\">A post shared by Evropska ku\u0107a Beograd (@evropska.kuca)<\/a><\/p><\/div><\/blockquote>\r\n<script async src=\"\/\/www.instagram.com\/embed.js\"><\/script>\t\t\t\t<\/div>\n\t\t\t\t<\/div>\n\t\t\t\t<\/div>\n\t\t\t\t\t<\/div>\n\t\t\t\t<\/div>\n\t\t<div class=\"elementor-element elementor-element-66eab8b e-flex e-con-boxed e-con e-parent\" data-id=\"66eab8b\" data-element_type=\"container\" data-e-type=\"container\">\n\t\t\t\t\t<div class=\"e-con-inner\">\n\t\t\t\t<div class=\"elementor-element elementor-element-c7b6054 elementor-widget elementor-widget-heading\" data-id=\"c7b6054\" data-element_type=\"widget\" data-e-type=\"widget\" data-widget_type=\"heading.default\">\n\t\t\t\t<div class=\"elementor-widget-container\">\n\t\t\t\t\t<h2 class=\"elementor-heading-title elementor-size-default\">ZELENE VESTI<\/h2>\t\t\t\t<\/div>\n\t\t\t\t<\/div>\n\t\t\t\t<div class=\"elementor-element elementor-element-046170d elementor-widget-divider--view-line elementor-widget elementor-widget-divider\" data-id=\"046170d\" data-element_type=\"widget\" data-e-type=\"widget\" data-widget_type=\"divider.default\">\n\t\t\t\t<div class=\"elementor-widget-container\">\n\t\t\t\t\t\t\t<div class=\"elementor-divider\">\n\t\t\t<span class=\"elementor-divider-separator\">\n\t\t\t\t\t\t<\/span>\n\t\t<\/div>\n\t\t\t\t\t\t<\/div>\n\t\t\t\t<\/div>\n\t\t\t\t<div class=\"elementor-element elementor-element-f9c8086 elementor-grid-3 elementor-grid-tablet-2 elementor-grid-mobile-1 elementor-posts--thumbnail-top elementor-widget elementor-widget-posts\" data-id=\"f9c8086\" data-element_type=\"widget\" data-e-type=\"widget\" data-settings=\"{&quot;classic_row_gap&quot;:{&quot;unit&quot;:&quot;px&quot;,&quot;size&quot;:23,&quot;sizes&quot;:[]},&quot;classic_columns&quot;:&quot;3&quot;,&quot;classic_columns_tablet&quot;:&quot;2&quot;,&quot;classic_columns_mobile&quot;:&quot;1&quot;,&quot;classic_row_gap_laptop&quot;:{&quot;unit&quot;:&quot;px&quot;,&quot;size&quot;:&quot;&quot;,&quot;sizes&quot;:[]},&quot;classic_row_gap_tablet&quot;:{&quot;unit&quot;:&quot;px&quot;,&quot;size&quot;:&quot;&quot;,&quot;sizes&quot;:[]},&quot;classic_row_gap_mobile&quot;:{&quot;unit&quot;:&quot;px&quot;,&quot;size&quot;:&quot;&quot;,&quot;sizes&quot;:[]}}\" data-widget_type=\"posts.classic\">\n\t\t\t\t<div class=\"elementor-widget-container\">\n\t\t\t\t\t\t\t<div class=\"elementor-posts-container elementor-posts elementor-posts--skin-classic elementor-grid\" role=\"list\">\n\t\t\t\t<article class=\"elementor-post elementor-grid-item post-9641 izvestaj type-izvestaj status-publish format-standard has-post-thumbnail hentry\" role=\"listitem\">\n\t\t\t\t<a class=\"elementor-post__thumbnail__link\" href=\"https:\/\/evropskakuca.rs\/en\/izvestaj\/city-of-novi-pazar-winner-of-the-green-kick-project-for-the-action-plan-for-energy-sustainable-development-and-climate-change\/\" tabindex=\"-1\" >\n\t\t\t<div class=\"elementor-post__thumbnail\"><img fetchpriority=\"high\" decoding=\"async\" width=\"300\" height=\"206\" src=\"https:\/\/evropskakuca.rs\/wp-content\/uploads\/2026\/02\/green-kick-300x206.jpg\" class=\"attachment-medium size-medium wp-image-9642\" alt=\"\" srcset=\"https:\/\/evropskakuca.rs\/wp-content\/uploads\/2026\/02\/green-kick-300x206.jpg 300w, https:\/\/evropskakuca.rs\/wp-content\/uploads\/2026\/02\/green-kick-1024x702.jpg 1024w, https:\/\/evropskakuca.rs\/wp-content\/uploads\/2026\/02\/green-kick-768x527.jpg 768w, https:\/\/evropskakuca.rs\/wp-content\/uploads\/2026\/02\/green-kick-18x12.jpg 18w, https:\/\/evropskakuca.rs\/wp-content\/uploads\/2026\/02\/green-kick.jpg 1069w\" sizes=\"(max-width: 300px) 100vw, 300px\" \/><\/div>\n\t\t<\/a>\n\t\t\t\t<div class=\"elementor-post__text\">\n\t\t\t\t<h3 class=\"elementor-post__title\">\n\t\t\t<a href=\"https:\/\/evropskakuca.rs\/en\/izvestaj\/city-of-novi-pazar-winner-of-the-green-kick-project-for-the-action-plan-for-energy-sustainable-development-and-climate-change\/\" >\n\t\t\t\tCity of Novi Pazar &#8211; winner of the Green Kick project for the Action Plan for Energy Sustainable Development and Climate Change\t\t\t<\/a>\n\t\t<\/h3>\n\t\t\n\t\t<a class=\"elementor-post__read-more\" href=\"https:\/\/evropskakuca.rs\/en\/izvestaj\/city-of-novi-pazar-winner-of-the-green-kick-project-for-the-action-plan-for-energy-sustainable-development-and-climate-change\/\" aria-label=\"Read more about City of Novi Pazar &#8211; winner of the Green Kick project for the Action Plan for Energy Sustainable Development and Climate Change\" tabindex=\"-1\" >\n\t\t\tOp\u0161irnije \u00bb\t\t<\/a>\n\n\t\t\t\t<\/div>\n\t\t\t\t<\/article>\n\t\t\t\t<\/div>\n\t\t\n\t\t\t\t\t\t<\/div>\n\t\t\t\t<\/div>\n\t\t\t\t\t<\/div>\n\t\t\t\t<\/div>\n\t\t<div class=\"elementor-element elementor-element-e3fe5fb e-flex e-con-boxed e-con e-parent\" data-id=\"e3fe5fb\" data-element_type=\"container\" data-e-type=\"container\">\n\t\t\t\t\t<div class=\"e-con-inner\">\n\t\t\t\t<div class=\"elementor-element elementor-element-7170e1f elementor-widget elementor-widget-heading\" data-id=\"7170e1f\" data-element_type=\"widget\" data-e-type=\"widget\" data-widget_type=\"heading.default\">\n\t\t\t\t<div class=\"elementor-widget-container\">\n\t\t\t\t\t<h2 class=\"elementor-heading-title elementor-size-default\">Arhiva bro\u0161ura<\/h2>\t\t\t\t<\/div>\n\t\t\t\t<\/div>\n\t\t\t\t<div class=\"elementor-element elementor-element-7e62cc6 elementor-widget-divider--view-line elementor-widget elementor-widget-divider\" data-id=\"7e62cc6\" data-element_type=\"widget\" data-e-type=\"widget\" data-widget_type=\"divider.default\">\n\t\t\t\t<div class=\"elementor-widget-container\">\n\t\t\t\t\t\t\t<div class=\"elementor-divider\">\n\t\t\t<span class=\"elementor-divider-separator\">\n\t\t\t\t\t\t<\/span>\n\t\t<\/div>\n\t\t\t\t\t\t<\/div>\n\t\t\t\t<\/div>\n\t\t\t\t\t<\/div>\n\t\t\t\t<\/div>\n\t\t<div class=\"elementor-element elementor-element-1296f2e e-flex e-con-boxed e-con e-parent\" data-id=\"1296f2e\" data-element_type=\"container\" data-e-type=\"container\">\n\t\t\t\t\t<div class=\"e-con-inner\">\n\t\t<div class=\"elementor-element elementor-element-c0c0e54 e-con-full e-flex e-con e-child\" data-id=\"c0c0e54\" data-element_type=\"container\" data-e-type=\"container\">\n\t\t\t\t<div class=\"elementor-element elementor-element-3e70ff5 elementor-widget elementor-widget-image\" data-id=\"3e70ff5\" data-element_type=\"widget\" data-e-type=\"widget\" data-widget_type=\"image.default\">\n\t\t\t\t<div class=\"elementor-widget-container\">\n\t\t\t\t\t\t\t\t\t\t\t\t\t\t\t\t<a href=\"https:\/\/evropskakuca.rs\/wp-content\/uploads\/2026\/03\/Sta-mogu-da-ucinim-za-planetu.pdf\" target=\"_blank\">\n\t\t\t\t\t\t\t<img decoding=\"async\" width=\"450\" height=\"625\" src=\"https:\/\/evropskakuca.rs\/wp-content\/uploads\/2026\/03\/sta-mogu-da-ucinim-za-planetu.jpg\" class=\"attachment-large size-large wp-image-9447\" alt=\"\" srcset=\"https:\/\/evropskakuca.rs\/wp-content\/uploads\/2026\/03\/sta-mogu-da-ucinim-za-planetu.jpg 450w, https:\/\/evropskakuca.rs\/wp-content\/uploads\/2026\/03\/sta-mogu-da-ucinim-za-planetu-216x300.jpg 216w, https:\/\/evropskakuca.rs\/wp-content\/uploads\/2026\/03\/sta-mogu-da-ucinim-za-planetu-9x12.jpg 9w\" sizes=\"(max-width: 450px) 100vw, 450px\" \/>\t\t\t\t\t\t\t\t<\/a>\n\t\t\t\t\t\t\t\t\t\t\t\t\t\t\t<\/div>\n\t\t\t\t<\/div>\n\t\t\t\t<\/div>\n\t\t<div class=\"elementor-element elementor-element-e875348 e-con-full e-flex e-con e-child\" data-id=\"e875348\" data-element_type=\"container\" data-e-type=\"container\">\n\t\t\t\t<div class=\"elementor-element elementor-element-e556cd9 elementor-widget elementor-widget-image\" data-id=\"e556cd9\" data-element_type=\"widget\" data-e-type=\"widget\" data-widget_type=\"image.default\">\n\t\t\t\t<div class=\"elementor-widget-container\">\n\t\t\t\t\t\t\t\t\t\t\t\t\t\t\t\t<a href=\"https:\/\/evropskakuca.rs\/wp-content\/uploads\/2026\/03\/Kako-da-stedimo-energiju-struju-i-vodu.pdf\" target=\"_blank\">\n\t\t\t\t\t\t\t<img decoding=\"async\" width=\"450\" height=\"637\" src=\"https:\/\/evropskakuca.rs\/wp-content\/uploads\/2026\/03\/nikad-nije-kasno.jpg\" class=\"attachment-large size-large wp-image-9446\" alt=\"\" srcset=\"https:\/\/evropskakuca.rs\/wp-content\/uploads\/2026\/03\/nikad-nije-kasno.jpg 450w, https:\/\/evropskakuca.rs\/wp-content\/uploads\/2026\/03\/nikad-nije-kasno-212x300.jpg 212w, https:\/\/evropskakuca.rs\/wp-content\/uploads\/2026\/03\/nikad-nije-kasno-8x12.jpg 8w\" sizes=\"(max-width: 450px) 100vw, 450px\" \/>\t\t\t\t\t\t\t\t<\/a>\n\t\t\t\t\t\t\t\t\t\t\t\t\t\t\t<\/div>\n\t\t\t\t<\/div>\n\t\t\t\t<\/div>\n\t\t<div class=\"elementor-element elementor-element-2a9f01f e-con-full e-flex e-con e-child\" data-id=\"2a9f01f\" data-element_type=\"container\" data-e-type=\"container\">\n\t\t\t\t<div class=\"elementor-element elementor-element-ccd2295 elementor-widget elementor-widget-image\" data-id=\"ccd2295\" data-element_type=\"widget\" data-e-type=\"widget\" data-widget_type=\"image.default\">\n\t\t\t\t<div class=\"elementor-widget-container\">\n\t\t\t\t\t\t\t\t\t\t\t\t\t\t\t\t<a href=\"https:\/\/evropskakuca.rs\/wp-content\/uploads\/2026\/03\/Kako-da-sacuvamo-zivotnu-sredinu.pdf\" target=\"_blank\">\n\t\t\t\t\t\t\t<img loading=\"lazy\" decoding=\"async\" width=\"450\" height=\"624\" src=\"https:\/\/evropskakuca.rs\/wp-content\/uploads\/2026\/03\/Kako-da-sacuvamoivotnu-sredinu-1.jpg\" class=\"attachment-large size-large wp-image-9445\" alt=\"\" srcset=\"https:\/\/evropskakuca.rs\/wp-content\/uploads\/2026\/03\/Kako-da-sacuvamoivotnu-sredinu-1.jpg 450w, https:\/\/evropskakuca.rs\/wp-content\/uploads\/2026\/03\/Kako-da-sacuvamoivotnu-sredinu-1-216x300.jpg 216w, https:\/\/evropskakuca.rs\/wp-content\/uploads\/2026\/03\/Kako-da-sacuvamoivotnu-sredinu-1-9x12.jpg 9w\" sizes=\"(max-width: 450px) 100vw, 450px\" \/>\t\t\t\t\t\t\t\t<\/a>\n\t\t\t\t\t\t\t\t\t\t\t\t\t\t\t<\/div>\n\t\t\t\t<\/div>\n\t\t\t\t<\/div>\n\t\t<div class=\"elementor-element elementor-element-386e78a e-con-full e-flex e-con e-child\" data-id=\"386e78a\" data-element_type=\"container\" data-e-type=\"container\">\n\t\t\t\t<div class=\"elementor-element elementor-element-8389266 elementor-widget elementor-widget-image\" data-id=\"8389266\" data-element_type=\"widget\" data-e-type=\"widget\" data-widget_type=\"image.default\">\n\t\t\t\t<div class=\"elementor-widget-container\">\n\t\t\t\t\t\t\t\t\t\t\t\t\t\t\t\t<a href=\"https:\/\/evropskakuca.rs\/wp-content\/uploads\/2026\/03\/Kako-da-ne-bacamo-hranu.pdf\" target=\"_blank\" rel=\"nofollow\">\n\t\t\t\t\t\t\t<img loading=\"lazy\" decoding=\"async\" width=\"450\" height=\"637\" src=\"https:\/\/evropskakuca.rs\/wp-content\/uploads\/2026\/03\/hrana-se-jede-ne-baca-se.jpg\" class=\"attachment-large size-large wp-image-9444\" alt=\"\" srcset=\"https:\/\/evropskakuca.rs\/wp-content\/uploads\/2026\/03\/hrana-se-jede-ne-baca-se.jpg 450w, https:\/\/evropskakuca.rs\/wp-content\/uploads\/2026\/03\/hrana-se-jede-ne-baca-se-212x300.jpg 212w, https:\/\/evropskakuca.rs\/wp-content\/uploads\/2026\/03\/hrana-se-jede-ne-baca-se-8x12.jpg 8w\" sizes=\"(max-width: 450px) 100vw, 450px\" \/>\t\t\t\t\t\t\t\t<\/a>\n\t\t\t\t\t\t\t\t\t\t\t\t\t\t\t<\/div>\n\t\t\t\t<\/div>\n\t\t\t\t<\/div>\n\t\t\t\t\t<\/div>\n\t\t\t\t<\/div>\n\t\t\t\t<\/div>\n\t\t","protected":false},"excerpt":{"rendered":"<p>Green Corner je vi\u0161e od<\/p>\n","protected":false},"author":11,"featured_media":9443,"parent":0,"menu_order":0,"comment_status":"closed","ping_status":"closed","template":"","meta":{"_acf_changed":false,"footnotes":""},"class_list":["post-9442","page","type-page","status-publish","has-post-thumbnail","hentry"],"acf":[],"_links":{"self":[{"href":"https:\/\/evropskakuca.rs\/en\/wp-json\/wp\/v2\/pages\/9442","targetHints":{"allow":["GET"]}}],"collection":[{"href":"https:\/\/evropskakuca.rs\/en\/wp-json\/wp\/v2\/pages"}],"about":[{"href":"https:\/\/evropskakuca.rs\/en\/wp-json\/wp\/v2\/types\/page"}],"author":[{"embeddable":true,"href":"https:\/\/evropskakuca.rs\/en\/wp-json\/wp\/v2\/users\/11"}],"replies":[{"embeddable":true,"href":"https:\/\/evropskakuca.rs\/en\/wp-json\/wp\/v2\/comments?post=9442"}],"version-history":[{"count":1,"href":"https:\/\/evropskakuca.rs\/en\/wp-json\/wp\/v2\/pages\/9442\/revisions"}],"predecessor-version":[{"id":9448,"href":"https:\/\/evropskakuca.rs\/en\/wp-json\/wp\/v2\/pages\/9442\/revisions\/9448"}],"wp:featuredmedia":[{"embeddable":true,"href":"https:\/\/evropskakuca.rs\/en\/wp-json\/wp\/v2\/media\/9443"}],"wp:attachment":[{"href":"https:\/\/evropskakuca.rs\/en\/wp-json\/wp\/v2\/media?parent=9442"}],"curies":[{"name":"wp","href":"https:\/\/api.w.org\/{rel}","templated":true}]}}