{"id":9536,"date":"2025-10-10T14:24:08","date_gmt":"2025-10-10T12:24:08","guid":{"rendered":"https:\/\/evropskakuca.rs\/nis-2\/"},"modified":"2026-03-23T13:36:46","modified_gmt":"2026-03-23T12:36:46","slug":"nis-2","status":"publish","type":"page","link":"https:\/\/evropskakuca.rs\/en\/nis-2\/","title":{"rendered":"Nis"},"content":{"rendered":"\t\t<div data-elementor-type=\"wp-page\" data-elementor-id=\"9536\" class=\"elementor elementor-9536 elementor-6876\" data-elementor-post-type=\"page\">\n\t\t\t\t<div class=\"elementor-element elementor-element-9219e0e e-flex e-con-boxed e-con e-parent\" data-id=\"9219e0e\" data-element_type=\"container\" data-e-type=\"container\">\n\t\t\t\t\t<div class=\"e-con-inner\">\n\t\t\t\t<div class=\"elementor-element elementor-element-973972c elementor-widget elementor-widget-heading\" data-id=\"973972c\" data-element_type=\"widget\" data-e-type=\"widget\" data-widget_type=\"heading.default\">\n\t\t\t\t<div class=\"elementor-widget-container\">\n\t\t\t\t\t<h1 class=\"elementor-heading-title elementor-size-default\">European House - Ni\u0161<\/h1>\t\t\t\t<\/div>\n\t\t\t\t<\/div>\n\t\t\t\t\t<\/div>\n\t\t\t\t<\/div>\n\t\t<div class=\"elementor-element elementor-element-1d8b788 e-flex e-con-boxed e-con e-parent\" data-id=\"1d8b788\" data-element_type=\"container\" data-e-type=\"container\">\n\t\t\t\t\t<div class=\"e-con-inner\">\n\t\t<div class=\"elementor-element elementor-element-d40f234 e-con-full e-flex e-con e-child\" data-id=\"d40f234\" data-element_type=\"container\" data-e-type=\"container\">\n\t\t\t\t<div class=\"elementor-element elementor-element-a759c4d elementor-widget elementor-widget-image\" data-id=\"a759c4d\" data-element_type=\"widget\" data-e-type=\"widget\" data-widget_type=\"image.default\">\n\t\t\t\t<div class=\"elementor-widget-container\">\n\t\t\t\t\t\t\t\t\t\t\t\t\t\t\t<img fetchpriority=\"high\" decoding=\"async\" width=\"300\" height=\"200\" src=\"https:\/\/evropskakuca.rs\/wp-content\/uploads\/2025\/10\/Danijela-Vucic-300x200.jpg\" class=\"attachment-medium size-medium wp-image-9537\" alt=\"\" srcset=\"https:\/\/evropskakuca.rs\/wp-content\/uploads\/2025\/10\/Danijela-Vucic-300x200.jpg 300w, https:\/\/evropskakuca.rs\/wp-content\/uploads\/2025\/10\/Danijela-Vucic-1024x683.jpg 1024w, https:\/\/evropskakuca.rs\/wp-content\/uploads\/2025\/10\/Danijela-Vucic-768x512.jpg 768w, https:\/\/evropskakuca.rs\/wp-content\/uploads\/2025\/10\/Danijela-Vucic-1536x1024.jpg 1536w, https:\/\/evropskakuca.rs\/wp-content\/uploads\/2025\/10\/Danijela-Vucic-2048x1365.jpg 2048w, https:\/\/evropskakuca.rs\/wp-content\/uploads\/2025\/10\/Danijela-Vucic-18x12.jpg 18w, https:\/\/evropskakuca.rs\/wp-content\/uploads\/2025\/10\/Danijela-Vucic-552x368.jpg 552w\" sizes=\"(max-width: 300px) 100vw, 300px\" \/>\t\t\t\t\t\t\t\t\t\t\t\t\t\t\t<\/div>\n\t\t\t\t<\/div>\n\t\t\t\t<\/div>\n\t\t<div class=\"elementor-element elementor-element-f6eac90 e-con-full e-flex e-con e-child\" data-id=\"f6eac90\" data-element_type=\"container\" data-e-type=\"container\">\n\t\t\t\t<div class=\"elementor-element elementor-element-78f61c5 elementor-widget elementor-widget-heading\" data-id=\"78f61c5\" data-element_type=\"widget\" data-e-type=\"widget\" data-widget_type=\"heading.default\">\n\t\t\t\t<div class=\"elementor-widget-container\">\n\t\t\t\t\t<h3 class=\"elementor-heading-title elementor-size-default\">Danijela Vu\u010di\u0107<\/h3>\t\t\t\t<\/div>\n\t\t\t\t<\/div>\n\t\t\t\t<div class=\"elementor-element elementor-element-63316dd elementor-widget elementor-widget-heading\" data-id=\"63316dd\" data-element_type=\"widget\" data-e-type=\"widget\" data-widget_type=\"heading.default\">\n\t\t\t\t<div class=\"elementor-widget-container\">\n\t\t\t\t\t<h4 class=\"elementor-heading-title elementor-size-default\">Geographical Team Leader for Southern Serbia\n<\/h4>\t\t\t\t<\/div>\n\t\t\t\t<\/div>\n\t\t\t\t<\/div>\n\t\t<div class=\"elementor-element elementor-element-d3cc5e8 e-con-full e-flex e-con e-child\" data-id=\"d3cc5e8\" data-element_type=\"container\" data-e-type=\"container\">\n\t\t\t\t<\/div>\n\t\t\t\t\t<\/div>\n\t\t\t\t<\/div>\n\t\t<div class=\"elementor-element elementor-element-d7afe4a e-flex e-con-boxed e-con e-parent\" data-id=\"d7afe4a\" data-element_type=\"container\" data-e-type=\"container\">\n\t\t\t\t\t<div class=\"e-con-inner\">\n\t\t<div class=\"elementor-element elementor-element-1a0a0b3 e-con-full e-flex e-con e-child\" data-id=\"1a0a0b3\" data-element_type=\"container\" data-e-type=\"container\">\n\t\t\t\t<div class=\"elementor-element elementor-element-f0860e7 elementor-widget elementor-widget-image\" data-id=\"f0860e7\" data-element_type=\"widget\" data-e-type=\"widget\" data-widget_type=\"image.default\">\n\t\t\t\t<div class=\"elementor-widget-container\">\n\t\t\t\t\t\t\t\t\t\t\t\t\t\t\t<img decoding=\"async\" width=\"300\" height=\"200\" src=\"https:\/\/evropskakuca.rs\/wp-content\/uploads\/2025\/10\/Vladimir-Djordjevic-300x200.jpg\" class=\"attachment-medium size-medium wp-image-9538\" alt=\"\" srcset=\"https:\/\/evropskakuca.rs\/wp-content\/uploads\/2025\/10\/Vladimir-Djordjevic-300x200.jpg 300w, https:\/\/evropskakuca.rs\/wp-content\/uploads\/2025\/10\/Vladimir-Djordjevic-1024x683.jpg 1024w, https:\/\/evropskakuca.rs\/wp-content\/uploads\/2025\/10\/Vladimir-Djordjevic-768x512.jpg 768w, https:\/\/evropskakuca.rs\/wp-content\/uploads\/2025\/10\/Vladimir-Djordjevic-1536x1024.jpg 1536w, https:\/\/evropskakuca.rs\/wp-content\/uploads\/2025\/10\/Vladimir-Djordjevic-2048x1365.jpg 2048w, https:\/\/evropskakuca.rs\/wp-content\/uploads\/2025\/10\/Vladimir-Djordjevic-18x12.jpg 18w, https:\/\/evropskakuca.rs\/wp-content\/uploads\/2025\/10\/Vladimir-Djordjevic-552x368.jpg 552w\" sizes=\"(max-width: 300px) 100vw, 300px\" \/>\t\t\t\t\t\t\t\t\t\t\t\t\t\t\t<\/div>\n\t\t\t\t<\/div>\n\t\t\t\t<\/div>\n\t\t<div class=\"elementor-element elementor-element-a5dbfe9 e-con-full e-flex e-con e-child\" data-id=\"a5dbfe9\" data-element_type=\"container\" data-e-type=\"container\">\n\t\t\t\t<div class=\"elementor-element elementor-element-2c1ef4f elementor-widget elementor-widget-heading\" data-id=\"2c1ef4f\" data-element_type=\"widget\" data-e-type=\"widget\" data-widget_type=\"heading.default\">\n\t\t\t\t<div class=\"elementor-widget-container\">\n\t\t\t\t\t<h3 class=\"elementor-heading-title elementor-size-default\">Vladimir \u0110or\u0111evi\u0107<\/h3>\t\t\t\t<\/div>\n\t\t\t\t<\/div>\n\t\t\t\t<div class=\"elementor-element elementor-element-2c49914 elementor-widget elementor-widget-heading\" data-id=\"2c49914\" data-element_type=\"widget\" data-e-type=\"widget\" data-widget_type=\"heading.default\">\n\t\t\t\t<div class=\"elementor-widget-container\">\n\t\t\t\t\t<h4 class=\"elementor-heading-title elementor-size-default\">Media and Information Officer<\/h4>\t\t\t\t<\/div>\n\t\t\t\t<\/div>\n\t\t\t\t<\/div>\n\t\t<div class=\"elementor-element elementor-element-a1553fb e-con-full e-flex e-con e-child\" data-id=\"a1553fb\" data-element_type=\"container\" data-e-type=\"container\">\n\t\t\t\t<\/div>\n\t\t\t\t\t<\/div>\n\t\t\t\t<\/div>\n\t\t<div class=\"elementor-element elementor-element-5679a51 e-flex e-con-boxed e-con e-parent\" data-id=\"5679a51\" data-element_type=\"container\" data-e-type=\"container\">\n\t\t\t\t\t<div class=\"e-con-inner\">\n\t\t<div class=\"elementor-element elementor-element-a0ba383 e-con-full e-flex e-con e-child\" data-id=\"a0ba383\" data-element_type=\"container\" data-e-type=\"container\">\n\t\t\t\t<div class=\"elementor-element elementor-element-b42a8a8 elementor-widget elementor-widget-image\" data-id=\"b42a8a8\" data-element_type=\"widget\" data-e-type=\"widget\" data-widget_type=\"image.default\">\n\t\t\t\t<div class=\"elementor-widget-container\">\n\t\t\t\t\t\t\t\t\t\t\t\t\t\t\t<img decoding=\"async\" width=\"300\" height=\"200\" src=\"https:\/\/evropskakuca.rs\/wp-content\/uploads\/2025\/10\/Jelena-Stanojevic-300x200.jpg\" class=\"attachment-medium size-medium wp-image-9539\" alt=\"\" srcset=\"https:\/\/evropskakuca.rs\/wp-content\/uploads\/2025\/10\/Jelena-Stanojevic-300x200.jpg 300w, https:\/\/evropskakuca.rs\/wp-content\/uploads\/2025\/10\/Jelena-Stanojevic-1024x683.jpg 1024w, https:\/\/evropskakuca.rs\/wp-content\/uploads\/2025\/10\/Jelena-Stanojevic-768x512.jpg 768w, https:\/\/evropskakuca.rs\/wp-content\/uploads\/2025\/10\/Jelena-Stanojevic-1536x1024.jpg 1536w, https:\/\/evropskakuca.rs\/wp-content\/uploads\/2025\/10\/Jelena-Stanojevic-2048x1365.jpg 2048w, https:\/\/evropskakuca.rs\/wp-content\/uploads\/2025\/10\/Jelena-Stanojevic-18x12.jpg 18w, https:\/\/evropskakuca.rs\/wp-content\/uploads\/2025\/10\/Jelena-Stanojevic-552x368.jpg 552w\" sizes=\"(max-width: 300px) 100vw, 300px\" \/>\t\t\t\t\t\t\t\t\t\t\t\t\t\t\t<\/div>\n\t\t\t\t<\/div>\n\t\t\t\t<\/div>\n\t\t<div class=\"elementor-element elementor-element-a1349b6 e-con-full e-flex e-con e-child\" data-id=\"a1349b6\" data-element_type=\"container\" data-e-type=\"container\">\n\t\t\t\t<div class=\"elementor-element elementor-element-90aa950 elementor-widget elementor-widget-heading\" data-id=\"90aa950\" data-element_type=\"widget\" data-e-type=\"widget\" data-widget_type=\"heading.default\">\n\t\t\t\t<div class=\"elementor-widget-container\">\n\t\t\t\t\t<h3 class=\"elementor-heading-title elementor-size-default\">Jelena Stanojevi\u0107<\/h3>\t\t\t\t<\/div>\n\t\t\t\t<\/div>\n\t\t\t\t<div class=\"elementor-element elementor-element-b8814b1 elementor-widget elementor-widget-heading\" data-id=\"b8814b1\" data-element_type=\"widget\" data-e-type=\"widget\" data-widget_type=\"heading.default\">\n\t\t\t\t<div class=\"elementor-widget-container\">\n\t\t\t\t\t<h4 class=\"elementor-heading-title elementor-size-default\">Public Space Manager<\/h4>\t\t\t\t<\/div>\n\t\t\t\t<\/div>\n\t\t\t\t<\/div>\n\t\t<div class=\"elementor-element elementor-element-2a63d74 e-con-full e-flex e-con e-child\" data-id=\"2a63d74\" data-element_type=\"container\" data-e-type=\"container\">\n\t\t\t\t<\/div>\n\t\t\t\t\t<\/div>\n\t\t\t\t<\/div>\n\t\t<div class=\"elementor-element elementor-element-6895f8f e-flex e-con-boxed e-con e-parent\" data-id=\"6895f8f\" data-element_type=\"container\" data-e-type=\"container\">\n\t\t\t\t\t<div class=\"e-con-inner\">\n\t\t<div class=\"elementor-element elementor-element-4961ee3 e-con-full e-flex e-con e-child\" data-id=\"4961ee3\" data-element_type=\"container\" data-e-type=\"container\">\n\t\t\t\t<div class=\"elementor-element elementor-element-13a9a86 elementor-widget elementor-widget-image\" data-id=\"13a9a86\" data-element_type=\"widget\" data-e-type=\"widget\" data-widget_type=\"image.default\">\n\t\t\t\t<div class=\"elementor-widget-container\">\n\t\t\t\t\t\t\t\t\t\t\t\t\t\t\t<img loading=\"lazy\" decoding=\"async\" width=\"300\" height=\"200\" src=\"https:\/\/evropskakuca.rs\/wp-content\/uploads\/2025\/10\/Ana-Stajkovic-300x200.jpg\" class=\"attachment-medium size-medium wp-image-9540\" alt=\"\" srcset=\"https:\/\/evropskakuca.rs\/wp-content\/uploads\/2025\/10\/Ana-Stajkovic-300x200.jpg 300w, https:\/\/evropskakuca.rs\/wp-content\/uploads\/2025\/10\/Ana-Stajkovic-1024x683.jpg 1024w, https:\/\/evropskakuca.rs\/wp-content\/uploads\/2025\/10\/Ana-Stajkovic-768x512.jpg 768w, https:\/\/evropskakuca.rs\/wp-content\/uploads\/2025\/10\/Ana-Stajkovic-1536x1024.jpg 1536w, https:\/\/evropskakuca.rs\/wp-content\/uploads\/2025\/10\/Ana-Stajkovic-2048x1365.jpg 2048w, https:\/\/evropskakuca.rs\/wp-content\/uploads\/2025\/10\/Ana-Stajkovic-18x12.jpg 18w, https:\/\/evropskakuca.rs\/wp-content\/uploads\/2025\/10\/Ana-Stajkovic-552x368.jpg 552w\" sizes=\"(max-width: 300px) 100vw, 300px\" \/>\t\t\t\t\t\t\t\t\t\t\t\t\t\t\t<\/div>\n\t\t\t\t<\/div>\n\t\t\t\t<\/div>\n\t\t<div class=\"elementor-element elementor-element-fd71614 e-con-full e-flex e-con e-child\" data-id=\"fd71614\" data-element_type=\"container\" data-e-type=\"container\">\n\t\t\t\t<div class=\"elementor-element elementor-element-c0f9e85 elementor-widget elementor-widget-heading\" data-id=\"c0f9e85\" data-element_type=\"widget\" data-e-type=\"widget\" data-widget_type=\"heading.default\">\n\t\t\t\t<div class=\"elementor-widget-container\">\n\t\t\t\t\t<h3 class=\"elementor-heading-title elementor-size-default\">Ana Stajkovi\u0107<\/h3>\t\t\t\t<\/div>\n\t\t\t\t<\/div>\n\t\t\t\t<div class=\"elementor-element elementor-element-8b888f6 elementor-widget elementor-widget-heading\" data-id=\"8b888f6\" data-element_type=\"widget\" data-e-type=\"widget\" data-widget_type=\"heading.default\">\n\t\t\t\t<div class=\"elementor-widget-container\">\n\t\t\t\t\t<h4 class=\"elementor-heading-title elementor-size-default\">Project Assistant<\/h4>\t\t\t\t<\/div>\n\t\t\t\t<\/div>\n\t\t\t\t<\/div>\n\t\t<div class=\"elementor-element elementor-element-d6203b4 e-con-full e-flex e-con e-child\" data-id=\"d6203b4\" data-element_type=\"container\" data-e-type=\"container\">\n\t\t\t\t<\/div>\n\t\t\t\t\t<\/div>\n\t\t\t\t<\/div>\n\t\t\t\t<\/div>\n\t\t","protected":false},"excerpt":{"rendered":"<p>Evropska ku\u0107a &#8211; Ni\u0161 Danijela Vu\u010di\u0107 Geographical Team Leader for Southern Serbia Vladimir \u0110or\u0111evi\u0107 Media and Information Officer Jelena Stanojevi\u0107 Public Space Manager Ana Stajkovi\u0107 Project Assistant<\/p>\n","protected":false},"author":5,"featured_media":0,"parent":0,"menu_order":0,"comment_status":"closed","ping_status":"closed","template":"","meta":{"_acf_changed":false,"footnotes":""},"class_list":["post-9536","page","type-page","status-publish","hentry"],"acf":[],"_links":{"self":[{"href":"https:\/\/evropskakuca.rs\/en\/wp-json\/wp\/v2\/pages\/9536","targetHints":{"allow":["GET"]}}],"collection":[{"href":"https:\/\/evropskakuca.rs\/en\/wp-json\/wp\/v2\/pages"}],"about":[{"href":"https:\/\/evropskakuca.rs\/en\/wp-json\/wp\/v2\/types\/page"}],"author":[{"embeddable":true,"href":"https:\/\/evropskakuca.rs\/en\/wp-json\/wp\/v2\/users\/5"}],"replies":[{"embeddable":true,"href":"https:\/\/evropskakuca.rs\/en\/wp-json\/wp\/v2\/comments?post=9536"}],"version-history":[{"count":5,"href":"https:\/\/evropskakuca.rs\/en\/wp-json\/wp\/v2\/pages\/9536\/revisions"}],"predecessor-version":[{"id":9887,"href":"https:\/\/evropskakuca.rs\/en\/wp-json\/wp\/v2\/pages\/9536\/revisions\/9887"}],"wp:attachment":[{"href":"https:\/\/evropskakuca.rs\/en\/wp-json\/wp\/v2\/media?parent=9536"}],"curies":[{"name":"wp","href":"https:\/\/api.w.org\/{rel}","templated":true}]}}