{"id":9544,"date":"2025-11-25T14:23:10","date_gmt":"2025-11-25T13:23:10","guid":{"rendered":"https:\/\/evropskakuca.rs\/novi-pazar-2\/"},"modified":"2026-03-23T13:40:32","modified_gmt":"2026-03-23T12:40:32","slug":"novi-pazar-2","status":"publish","type":"page","link":"https:\/\/evropskakuca.rs\/en\/novi-pazar-2\/","title":{"rendered":"Novi Pazar"},"content":{"rendered":"\t\t<div data-elementor-type=\"wp-page\" data-elementor-id=\"9544\" class=\"elementor elementor-9544 elementor-7771\" data-elementor-post-type=\"page\">\n\t\t\t\t<div class=\"elementor-element elementor-element-9219e0e e-flex e-con-boxed e-con e-parent\" data-id=\"9219e0e\" data-element_type=\"container\" data-e-type=\"container\">\n\t\t\t\t\t<div class=\"e-con-inner\">\n\t\t\t\t<div class=\"elementor-element elementor-element-973972c elementor-widget elementor-widget-heading\" data-id=\"973972c\" data-element_type=\"widget\" data-e-type=\"widget\" data-widget_type=\"heading.default\">\n\t\t\t\t<div class=\"elementor-widget-container\">\n\t\t\t\t\t<h1 class=\"elementor-heading-title elementor-size-default\">European House - Novi Pazar<\/h1>\t\t\t\t<\/div>\n\t\t\t\t<\/div>\n\t\t\t\t\t<\/div>\n\t\t\t\t<\/div>\n\t\t<div class=\"elementor-element elementor-element-1d8b788 e-flex e-con-boxed e-con e-parent\" data-id=\"1d8b788\" data-element_type=\"container\" data-e-type=\"container\">\n\t\t\t\t\t<div class=\"e-con-inner\">\n\t\t<div class=\"elementor-element elementor-element-d789e24 e-con-full e-flex e-con e-child\" data-id=\"d789e24\" data-element_type=\"container\" data-e-type=\"container\">\n\t\t\t\t<div class=\"elementor-element elementor-element-04ecbdb elementor-widget elementor-widget-image\" data-id=\"04ecbdb\" data-element_type=\"widget\" data-e-type=\"widget\" data-widget_type=\"image.default\">\n\t\t\t\t<div class=\"elementor-widget-container\">\n\t\t\t\t\t\t\t\t\t\t\t\t\t\t\t<img fetchpriority=\"high\" decoding=\"async\" width=\"300\" height=\"180\" src=\"https:\/\/evropskakuca.rs\/wp-content\/uploads\/2026\/02\/EU-300x180.jpg\" class=\"attachment-medium size-medium wp-image-9546\" alt=\"\" srcset=\"https:\/\/evropskakuca.rs\/wp-content\/uploads\/2026\/02\/EU-300x180.jpg 300w, https:\/\/evropskakuca.rs\/wp-content\/uploads\/2026\/02\/EU-18x12.jpg 18w, https:\/\/evropskakuca.rs\/wp-content\/uploads\/2026\/02\/EU.jpg 600w\" sizes=\"(max-width: 300px) 100vw, 300px\" \/>\t\t\t\t\t\t\t\t\t\t\t\t\t\t\t<\/div>\n\t\t\t\t<\/div>\n\t\t\t\t<\/div>\n\t\t<div class=\"elementor-element elementor-element-1aedd9c e-con-full e-flex e-con e-child\" data-id=\"1aedd9c\" data-element_type=\"container\" data-e-type=\"container\">\n\t\t\t\t<div class=\"elementor-element elementor-element-a67f3ed elementor-widget elementor-widget-heading\" data-id=\"a67f3ed\" data-element_type=\"widget\" data-e-type=\"widget\" data-widget_type=\"heading.default\">\n\t\t\t\t<div class=\"elementor-widget-container\">\n\t\t\t\t\t<h3 class=\"elementor-heading-title elementor-size-default\">Enis Ujkanovi\u0107<\/h3>\t\t\t\t<\/div>\n\t\t\t\t<\/div>\n\t\t\t\t<div class=\"elementor-element elementor-element-11cfb8f elementor-widget elementor-widget-heading\" data-id=\"11cfb8f\" data-element_type=\"widget\" data-e-type=\"widget\" data-widget_type=\"heading.default\">\n\t\t\t\t<div class=\"elementor-widget-container\">\n\t\t\t\t\t<h4 class=\"elementor-heading-title elementor-size-default\">Geographical Team Leader<\/h4>\t\t\t\t<\/div>\n\t\t\t\t<\/div>\n\t\t\t\t<\/div>\n\t\t<div class=\"elementor-element elementor-element-39bdf22 e-con-full e-flex e-con e-child\" data-id=\"39bdf22\" data-element_type=\"container\" data-e-type=\"container\">\n\t\t\t\t<\/div>\n\t\t\t\t\t<\/div>\n\t\t\t\t<\/div>\n\t\t<div class=\"elementor-element elementor-element-dc9d8db e-flex e-con-boxed e-con e-parent\" data-id=\"dc9d8db\" data-element_type=\"container\" data-e-type=\"container\">\n\t\t\t\t\t<div class=\"e-con-inner\">\n\t\t<div class=\"elementor-element elementor-element-44dd314 e-con-full e-flex e-con e-child\" data-id=\"44dd314\" data-element_type=\"container\" data-e-type=\"container\">\n\t\t\t\t<div class=\"elementor-element elementor-element-789db5e elementor-widget elementor-widget-image\" data-id=\"789db5e\" data-element_type=\"widget\" data-e-type=\"widget\" data-widget_type=\"image.default\">\n\t\t\t\t<div class=\"elementor-widget-container\">\n\t\t\t\t\t\t\t\t\t\t\t\t\t\t\t<img decoding=\"async\" width=\"300\" height=\"183\" src=\"https:\/\/evropskakuca.rs\/wp-content\/uploads\/2026\/02\/IMG_8673-300x183.jpeg\" class=\"attachment-medium size-medium wp-image-9545\" alt=\"\" srcset=\"https:\/\/evropskakuca.rs\/wp-content\/uploads\/2026\/02\/IMG_8673-300x183.jpeg 300w, https:\/\/evropskakuca.rs\/wp-content\/uploads\/2026\/02\/IMG_8673-1024x626.jpeg 1024w, https:\/\/evropskakuca.rs\/wp-content\/uploads\/2026\/02\/IMG_8673-768x469.jpeg 768w, https:\/\/evropskakuca.rs\/wp-content\/uploads\/2026\/02\/IMG_8673-1536x939.jpeg 1536w, https:\/\/evropskakuca.rs\/wp-content\/uploads\/2026\/02\/IMG_8673-18x12.jpeg 18w, https:\/\/evropskakuca.rs\/wp-content\/uploads\/2026\/02\/IMG_8673.jpeg 1600w\" sizes=\"(max-width: 300px) 100vw, 300px\" \/>\t\t\t\t\t\t\t\t\t\t\t\t\t\t\t<\/div>\n\t\t\t\t<\/div>\n\t\t\t\t<\/div>\n\t\t<div class=\"elementor-element elementor-element-6bc1626 e-con-full e-flex e-con e-child\" data-id=\"6bc1626\" data-element_type=\"container\" data-e-type=\"container\">\n\t\t\t\t<div class=\"elementor-element elementor-element-b4fb1b7 elementor-widget elementor-widget-heading\" data-id=\"b4fb1b7\" data-element_type=\"widget\" data-e-type=\"widget\" data-widget_type=\"heading.default\">\n\t\t\t\t<div class=\"elementor-widget-container\">\n\t\t\t\t\t<h3 class=\"elementor-heading-title elementor-size-default\">Nikola Ko\u010dovi\u0107<\/h3>\t\t\t\t<\/div>\n\t\t\t\t<\/div>\n\t\t\t\t<div class=\"elementor-element elementor-element-c0f78c5 elementor-widget elementor-widget-heading\" data-id=\"c0f78c5\" data-element_type=\"widget\" data-e-type=\"widget\" data-widget_type=\"heading.default\">\n\t\t\t\t<div class=\"elementor-widget-container\">\n\t\t\t\t\t<h4 class=\"elementor-heading-title elementor-size-default\">Media and Information Officer<\/h4>\t\t\t\t<\/div>\n\t\t\t\t<\/div>\n\t\t\t\t<\/div>\n\t\t<div class=\"elementor-element elementor-element-aeae9eb e-con-full e-flex e-con e-child\" data-id=\"aeae9eb\" data-element_type=\"container\" data-e-type=\"container\">\n\t\t\t\t<\/div>\n\t\t\t\t\t<\/div>\n\t\t\t\t<\/div>\n\t\t<div class=\"elementor-element elementor-element-9ea9b16 e-flex e-con-boxed e-con e-parent\" data-id=\"9ea9b16\" data-element_type=\"container\" data-e-type=\"container\">\n\t\t\t\t\t<div class=\"e-con-inner\">\n\t\t<div class=\"elementor-element elementor-element-e067928 e-con-full e-flex e-con e-child\" data-id=\"e067928\" data-element_type=\"container\" data-e-type=\"container\">\n\t\t\t\t<div class=\"elementor-element elementor-element-2a09d22 elementor-widget elementor-widget-image\" data-id=\"2a09d22\" data-element_type=\"widget\" data-e-type=\"widget\" data-widget_type=\"image.default\">\n\t\t\t\t<div class=\"elementor-widget-container\">\n\t\t\t\t\t\t\t\t\t\t\t\t\t\t\t<img decoding=\"async\" width=\"300\" height=\"200\" src=\"https:\/\/evropskakuca.rs\/wp-content\/uploads\/2026\/02\/Aisa_slika-300x200.jpg\" class=\"attachment-medium size-medium wp-image-9547\" alt=\"\" srcset=\"https:\/\/evropskakuca.rs\/wp-content\/uploads\/2026\/02\/Aisa_slika-300x200.jpg 300w, https:\/\/evropskakuca.rs\/wp-content\/uploads\/2026\/02\/Aisa_slika-1024x683.jpg 1024w, https:\/\/evropskakuca.rs\/wp-content\/uploads\/2026\/02\/Aisa_slika-768x512.jpg 768w, https:\/\/evropskakuca.rs\/wp-content\/uploads\/2026\/02\/Aisa_slika-1536x1024.jpg 1536w, https:\/\/evropskakuca.rs\/wp-content\/uploads\/2026\/02\/Aisa_slika-2048x1365.jpg 2048w, https:\/\/evropskakuca.rs\/wp-content\/uploads\/2026\/02\/Aisa_slika-18x12.jpg 18w, https:\/\/evropskakuca.rs\/wp-content\/uploads\/2026\/02\/Aisa_slika-552x368.jpg 552w\" sizes=\"(max-width: 300px) 100vw, 300px\" \/>\t\t\t\t\t\t\t\t\t\t\t\t\t\t\t<\/div>\n\t\t\t\t<\/div>\n\t\t\t\t<\/div>\n\t\t<div class=\"elementor-element elementor-element-85b5768 e-con-full e-flex e-con e-child\" data-id=\"85b5768\" data-element_type=\"container\" data-e-type=\"container\">\n\t\t\t\t<div class=\"elementor-element elementor-element-32dc23a elementor-widget elementor-widget-heading\" data-id=\"32dc23a\" data-element_type=\"widget\" data-e-type=\"widget\" data-widget_type=\"heading.default\">\n\t\t\t\t<div class=\"elementor-widget-container\">\n\t\t\t\t\t<h3 class=\"elementor-heading-title elementor-size-default\">Ai\u0161a Nicevi\u0107<\/h3>\t\t\t\t<\/div>\n\t\t\t\t<\/div>\n\t\t\t\t<div class=\"elementor-element elementor-element-85da781 elementor-widget elementor-widget-heading\" data-id=\"85da781\" data-element_type=\"widget\" data-e-type=\"widget\" data-widget_type=\"heading.default\">\n\t\t\t\t<div class=\"elementor-widget-container\">\n\t\t\t\t\t<h4 class=\"elementor-heading-title elementor-size-default\">Public Space Manager<\/h4>\t\t\t\t<\/div>\n\t\t\t\t<\/div>\n\t\t\t\t<\/div>\n\t\t<div class=\"elementor-element elementor-element-8f69be1 e-con-full e-flex e-con e-child\" data-id=\"8f69be1\" data-element_type=\"container\" data-e-type=\"container\">\n\t\t\t\t<\/div>\n\t\t\t\t\t<\/div>\n\t\t\t\t<\/div>\n\t\t\t\t<\/div>\n\t\t","protected":false},"excerpt":{"rendered":"<p>European House &#8211; Novi Pazar Enis Ujkanovi\u0107 Geographical Team Leader Nikola Ko\u010dovi\u0107 Media and Information Officer Ai\u0161a Nicevi\u0107 Public Space Manager<\/p>\n","protected":false},"author":13,"featured_media":0,"parent":0,"menu_order":0,"comment_status":"closed","ping_status":"closed","template":"","meta":{"_acf_changed":false,"footnotes":""},"class_list":["post-9544","page","type-page","status-publish","hentry"],"acf":[],"_links":{"self":[{"href":"https:\/\/evropskakuca.rs\/en\/wp-json\/wp\/v2\/pages\/9544","targetHints":{"allow":["GET"]}}],"collection":[{"href":"https:\/\/evropskakuca.rs\/en\/wp-json\/wp\/v2\/pages"}],"about":[{"href":"https:\/\/evropskakuca.rs\/en\/wp-json\/wp\/v2\/types\/page"}],"author":[{"embeddable":true,"href":"https:\/\/evropskakuca.rs\/en\/wp-json\/wp\/v2\/users\/13"}],"replies":[{"embeddable":true,"href":"https:\/\/evropskakuca.rs\/en\/wp-json\/wp\/v2\/comments?post=9544"}],"version-history":[{"count":4,"href":"https:\/\/evropskakuca.rs\/en\/wp-json\/wp\/v2\/pages\/9544\/revisions"}],"predecessor-version":[{"id":9895,"href":"https:\/\/evropskakuca.rs\/en\/wp-json\/wp\/v2\/pages\/9544\/revisions\/9895"}],"wp:attachment":[{"href":"https:\/\/evropskakuca.rs\/en\/wp-json\/wp\/v2\/media?parent=9544"}],"curies":[{"name":"wp","href":"https:\/\/api.w.org\/{rel}","templated":true}]}}