{"id":9555,"date":"2025-10-10T14:17:06","date_gmt":"2025-10-10T12:17:06","guid":{"rendered":"https:\/\/evropskakuca.rs\/novi-sad-2\/"},"modified":"2026-03-23T13:38:35","modified_gmt":"2026-03-23T12:38:35","slug":"novi-sad-2","status":"publish","type":"page","link":"https:\/\/evropskakuca.rs\/en\/novi-sad-2\/","title":{"rendered":"Novi Sad"},"content":{"rendered":"\t\t<div data-elementor-type=\"wp-page\" data-elementor-id=\"9555\" class=\"elementor elementor-9555 elementor-6863\" data-elementor-post-type=\"page\">\n\t\t\t\t<div class=\"elementor-element elementor-element-9219e0e e-flex e-con-boxed e-con e-parent\" data-id=\"9219e0e\" data-element_type=\"container\" data-e-type=\"container\">\n\t\t\t\t\t<div class=\"e-con-inner\">\n\t\t\t\t<div class=\"elementor-element elementor-element-2d6097d elementor-widget elementor-widget-heading\" data-id=\"2d6097d\" data-element_type=\"widget\" data-e-type=\"widget\" data-widget_type=\"heading.default\">\n\t\t\t\t<div class=\"elementor-widget-container\">\n\t\t\t\t\t<h1 class=\"elementor-heading-title elementor-size-default\">European House - Novi Sad<\/h1>\t\t\t\t<\/div>\n\t\t\t\t<\/div>\n\t\t\t\t\t<\/div>\n\t\t\t\t<\/div>\n\t\t<div class=\"elementor-element elementor-element-d7afe4a e-flex e-con-boxed e-con e-parent\" data-id=\"d7afe4a\" data-element_type=\"container\" data-e-type=\"container\">\n\t\t\t\t\t<div class=\"e-con-inner\">\n\t\t<div class=\"elementor-element elementor-element-1a0a0b3 e-con-full e-flex e-con e-child\" data-id=\"1a0a0b3\" data-element_type=\"container\" data-e-type=\"container\">\n\t\t\t\t<div class=\"elementor-element elementor-element-f0860e7 elementor-widget elementor-widget-image\" data-id=\"f0860e7\" data-element_type=\"widget\" data-e-type=\"widget\" data-widget_type=\"image.default\">\n\t\t\t\t<div class=\"elementor-widget-container\">\n\t\t\t\t\t\t\t\t\t\t\t\t\t\t\t<img fetchpriority=\"high\" decoding=\"async\" width=\"300\" height=\"200\" src=\"https:\/\/evropskakuca.rs\/wp-content\/uploads\/2026\/03\/IMG_8847-1-300x200.jpeg\" class=\"attachment-medium size-medium wp-image-9798\" alt=\"\" srcset=\"https:\/\/evropskakuca.rs\/wp-content\/uploads\/2026\/03\/IMG_8847-1-300x200.jpeg 300w, https:\/\/evropskakuca.rs\/wp-content\/uploads\/2026\/03\/IMG_8847-1-1024x683.jpeg 1024w, https:\/\/evropskakuca.rs\/wp-content\/uploads\/2026\/03\/IMG_8847-1-768x512.jpeg 768w, https:\/\/evropskakuca.rs\/wp-content\/uploads\/2026\/03\/IMG_8847-1-552x368.jpeg 552w, https:\/\/evropskakuca.rs\/wp-content\/uploads\/2026\/03\/IMG_8847-1.jpeg 1536w\" sizes=\"(max-width: 300px) 100vw, 300px\" \/>\t\t\t\t\t\t\t\t\t\t\t\t\t\t\t<\/div>\n\t\t\t\t<\/div>\n\t\t\t\t<\/div>\n\t\t<div class=\"elementor-element elementor-element-a5dbfe9 e-con-full e-flex e-con e-child\" data-id=\"a5dbfe9\" data-element_type=\"container\" data-e-type=\"container\">\n\t\t\t\t<div class=\"elementor-element elementor-element-2c1ef4f elementor-widget elementor-widget-heading\" data-id=\"2c1ef4f\" data-element_type=\"widget\" data-e-type=\"widget\" data-widget_type=\"heading.default\">\n\t\t\t\t<div class=\"elementor-widget-container\">\n\t\t\t\t\t<h3 class=\"elementor-heading-title elementor-size-default\">Dobrila Markovi\u0107<\/h3>\t\t\t\t<\/div>\n\t\t\t\t<\/div>\n\t\t\t\t<div class=\"elementor-element elementor-element-2c49914 elementor-widget elementor-widget-heading\" data-id=\"2c49914\" data-element_type=\"widget\" data-e-type=\"widget\" data-widget_type=\"heading.default\">\n\t\t\t\t<div class=\"elementor-widget-container\">\n\t\t\t\t\t<h4 class=\"elementor-heading-title elementor-size-default\">Geographical Team Leader Vojvodina<\/h4>\t\t\t\t<\/div>\n\t\t\t\t<\/div>\n\t\t\t\t<\/div>\n\t\t<div class=\"elementor-element elementor-element-a1553fb e-con-full e-flex e-con e-child\" data-id=\"a1553fb\" data-element_type=\"container\" data-e-type=\"container\">\n\t\t\t\t<\/div>\n\t\t\t\t\t<\/div>\n\t\t\t\t<\/div>\n\t\t<div class=\"elementor-element elementor-element-dc281d0 e-flex e-con-boxed e-con e-parent\" data-id=\"dc281d0\" data-element_type=\"container\" data-e-type=\"container\">\n\t\t\t\t\t<div class=\"e-con-inner\">\n\t\t<div class=\"elementor-element elementor-element-c6c1f84 e-con-full e-flex e-con e-child\" data-id=\"c6c1f84\" data-element_type=\"container\" data-e-type=\"container\">\n\t\t\t\t<div class=\"elementor-element elementor-element-f716502 elementor-widget elementor-widget-image\" data-id=\"f716502\" data-element_type=\"widget\" data-e-type=\"widget\" data-widget_type=\"image.default\">\n\t\t\t\t<div class=\"elementor-widget-container\">\n\t\t\t\t\t\t\t\t\t\t\t\t\t\t\t<img decoding=\"async\" width=\"300\" height=\"169\" src=\"https:\/\/evropskakuca.rs\/wp-content\/uploads\/2025\/11\/Alex-Bucko-landscape-300x169.png\" class=\"attachment-medium size-medium wp-image-9556\" alt=\"\" srcset=\"https:\/\/evropskakuca.rs\/wp-content\/uploads\/2025\/11\/Alex-Bucko-landscape-300x169.png 300w, https:\/\/evropskakuca.rs\/wp-content\/uploads\/2025\/11\/Alex-Bucko-landscape-1024x576.png 1024w, https:\/\/evropskakuca.rs\/wp-content\/uploads\/2025\/11\/Alex-Bucko-landscape-768x432.png 768w, https:\/\/evropskakuca.rs\/wp-content\/uploads\/2025\/11\/Alex-Bucko-landscape-1536x864.png 1536w, https:\/\/evropskakuca.rs\/wp-content\/uploads\/2025\/11\/Alex-Bucko-landscape-18x10.png 18w, https:\/\/evropskakuca.rs\/wp-content\/uploads\/2025\/11\/Alex-Bucko-landscape.png 1920w\" sizes=\"(max-width: 300px) 100vw, 300px\" \/>\t\t\t\t\t\t\t\t\t\t\t\t\t\t\t<\/div>\n\t\t\t\t<\/div>\n\t\t\t\t<\/div>\n\t\t<div class=\"elementor-element elementor-element-bde5c2e e-con-full e-flex e-con e-child\" data-id=\"bde5c2e\" data-element_type=\"container\" data-e-type=\"container\">\n\t\t\t\t<div class=\"elementor-element elementor-element-72285ba elementor-widget elementor-widget-heading\" data-id=\"72285ba\" data-element_type=\"widget\" data-e-type=\"widget\" data-widget_type=\"heading.default\">\n\t\t\t\t<div class=\"elementor-widget-container\">\n\t\t\t\t\t<h3 class=\"elementor-heading-title elementor-size-default\">Aleksandra Bu\u010dko<\/h3>\t\t\t\t<\/div>\n\t\t\t\t<\/div>\n\t\t\t\t<div class=\"elementor-element elementor-element-0194379 elementor-widget elementor-widget-heading\" data-id=\"0194379\" data-element_type=\"widget\" data-e-type=\"widget\" data-widget_type=\"heading.default\">\n\t\t\t\t<div class=\"elementor-widget-container\">\n\t\t\t\t\t<h4 class=\"elementor-heading-title elementor-size-default\">Media and Information Officer<\/h4>\t\t\t\t<\/div>\n\t\t\t\t<\/div>\n\t\t\t\t<\/div>\n\t\t<div class=\"elementor-element elementor-element-cb50059 e-con-full e-flex e-con e-child\" data-id=\"cb50059\" data-element_type=\"container\" data-e-type=\"container\">\n\t\t\t\t<\/div>\n\t\t\t\t\t<\/div>\n\t\t\t\t<\/div>\n\t\t<div class=\"elementor-element elementor-element-5679a51 e-flex e-con-boxed e-con e-parent\" data-id=\"5679a51\" data-element_type=\"container\" data-e-type=\"container\">\n\t\t\t\t\t<div class=\"e-con-inner\">\n\t\t<div class=\"elementor-element elementor-element-a0ba383 e-con-full e-flex e-con e-child\" data-id=\"a0ba383\" data-element_type=\"container\" data-e-type=\"container\">\n\t\t\t\t<div class=\"elementor-element elementor-element-b42a8a8 elementor-widget elementor-widget-image\" data-id=\"b42a8a8\" data-element_type=\"widget\" data-e-type=\"widget\" data-widget_type=\"image.default\">\n\t\t\t\t<div class=\"elementor-widget-container\">\n\t\t\t\t\t\t\t\t\t\t\t\t\t\t\t<img decoding=\"async\" width=\"300\" height=\"225\" src=\"https:\/\/evropskakuca.rs\/wp-content\/uploads\/2025\/11\/IMG_7211-300x225.jpeg\" class=\"attachment-medium size-medium wp-image-9557\" alt=\"\" srcset=\"https:\/\/evropskakuca.rs\/wp-content\/uploads\/2025\/11\/IMG_7211-300x225.jpeg 300w, https:\/\/evropskakuca.rs\/wp-content\/uploads\/2025\/11\/IMG_7211-1024x768.jpeg 1024w, https:\/\/evropskakuca.rs\/wp-content\/uploads\/2025\/11\/IMG_7211-768x576.jpeg 768w, https:\/\/evropskakuca.rs\/wp-content\/uploads\/2025\/11\/IMG_7211-1536x1152.jpeg 1536w, https:\/\/evropskakuca.rs\/wp-content\/uploads\/2025\/11\/IMG_7211-2048x1536.jpeg 2048w, https:\/\/evropskakuca.rs\/wp-content\/uploads\/2025\/11\/IMG_7211-16x12.jpeg 16w\" sizes=\"(max-width: 300px) 100vw, 300px\" \/>\t\t\t\t\t\t\t\t\t\t\t\t\t\t\t<\/div>\n\t\t\t\t<\/div>\n\t\t\t\t<\/div>\n\t\t<div class=\"elementor-element elementor-element-a1349b6 e-con-full e-flex e-con e-child\" data-id=\"a1349b6\" data-element_type=\"container\" data-e-type=\"container\">\n\t\t\t\t<div class=\"elementor-element elementor-element-90aa950 elementor-widget elementor-widget-heading\" data-id=\"90aa950\" data-element_type=\"widget\" data-e-type=\"widget\" data-widget_type=\"heading.default\">\n\t\t\t\t<div class=\"elementor-widget-container\">\n\t\t\t\t\t<h3 class=\"elementor-heading-title elementor-size-default\">Nevena Tasi\u0107<\/h3>\t\t\t\t<\/div>\n\t\t\t\t<\/div>\n\t\t\t\t<div class=\"elementor-element elementor-element-b8814b1 elementor-widget elementor-widget-heading\" data-id=\"b8814b1\" data-element_type=\"widget\" data-e-type=\"widget\" data-widget_type=\"heading.default\">\n\t\t\t\t<div class=\"elementor-widget-container\">\n\t\t\t\t\t<h4 class=\"elementor-heading-title elementor-size-default\">Public Space Manager<\/h4>\t\t\t\t<\/div>\n\t\t\t\t<\/div>\n\t\t\t\t<\/div>\n\t\t<div class=\"elementor-element elementor-element-2a63d74 e-con-full e-flex e-con e-child\" data-id=\"2a63d74\" data-element_type=\"container\" data-e-type=\"container\">\n\t\t\t\t<\/div>\n\t\t\t\t\t<\/div>\n\t\t\t\t<\/div>\n\t\t<div class=\"elementor-element elementor-element-6895f8f e-flex e-con-boxed e-con e-parent\" data-id=\"6895f8f\" data-element_type=\"container\" data-e-type=\"container\">\n\t\t\t\t\t<div class=\"e-con-inner\">\n\t\t<div class=\"elementor-element elementor-element-4961ee3 e-con-full e-flex e-con e-child\" data-id=\"4961ee3\" data-element_type=\"container\" data-e-type=\"container\">\n\t\t\t\t<div class=\"elementor-element elementor-element-13a9a86 elementor-widget elementor-widget-image\" data-id=\"13a9a86\" data-element_type=\"widget\" data-e-type=\"widget\" data-widget_type=\"image.default\">\n\t\t\t\t<div class=\"elementor-widget-container\">\n\t\t\t\t\t\t\t\t\t\t\t\t\t\t\t<img loading=\"lazy\" decoding=\"async\" width=\"300\" height=\"169\" src=\"https:\/\/evropskakuca.rs\/wp-content\/uploads\/2025\/11\/Nenaslovljeni-dizajn-300x169.png\" class=\"attachment-medium size-medium wp-image-9558\" alt=\"\" srcset=\"https:\/\/evropskakuca.rs\/wp-content\/uploads\/2025\/11\/Nenaslovljeni-dizajn-300x169.png 300w, https:\/\/evropskakuca.rs\/wp-content\/uploads\/2025\/11\/Nenaslovljeni-dizajn-1024x576.png 1024w, https:\/\/evropskakuca.rs\/wp-content\/uploads\/2025\/11\/Nenaslovljeni-dizajn-768x432.png 768w, https:\/\/evropskakuca.rs\/wp-content\/uploads\/2025\/11\/Nenaslovljeni-dizajn-1536x864.png 1536w, https:\/\/evropskakuca.rs\/wp-content\/uploads\/2025\/11\/Nenaslovljeni-dizajn-18x10.png 18w, https:\/\/evropskakuca.rs\/wp-content\/uploads\/2025\/11\/Nenaslovljeni-dizajn.png 1920w\" sizes=\"(max-width: 300px) 100vw, 300px\" \/>\t\t\t\t\t\t\t\t\t\t\t\t\t\t\t<\/div>\n\t\t\t\t<\/div>\n\t\t\t\t<\/div>\n\t\t<div class=\"elementor-element elementor-element-fd71614 e-con-full e-flex e-con e-child\" data-id=\"fd71614\" data-element_type=\"container\" data-e-type=\"container\">\n\t\t\t\t<div class=\"elementor-element elementor-element-c0f9e85 elementor-widget elementor-widget-heading\" data-id=\"c0f9e85\" data-element_type=\"widget\" data-e-type=\"widget\" data-widget_type=\"heading.default\">\n\t\t\t\t<div class=\"elementor-widget-container\">\n\t\t\t\t\t<h3 class=\"elementor-heading-title elementor-size-default\">Sara Sladoje<\/h3>\t\t\t\t<\/div>\n\t\t\t\t<\/div>\n\t\t\t\t<div class=\"elementor-element elementor-element-8b888f6 elementor-widget elementor-widget-heading\" data-id=\"8b888f6\" data-element_type=\"widget\" data-e-type=\"widget\" data-widget_type=\"heading.default\">\n\t\t\t\t<div class=\"elementor-widget-container\">\n\t\t\t\t\t<h4 class=\"elementor-heading-title elementor-size-default\">Project Assistant<\/h4>\t\t\t\t<\/div>\n\t\t\t\t<\/div>\n\t\t\t\t<\/div>\n\t\t<div class=\"elementor-element elementor-element-d6203b4 e-con-full e-flex e-con e-child\" data-id=\"d6203b4\" data-element_type=\"container\" data-e-type=\"container\">\n\t\t\t\t<\/div>\n\t\t\t\t\t<\/div>\n\t\t\t\t<\/div>\n\t\t\t\t<\/div>\n\t\t","protected":false},"excerpt":{"rendered":"<p>European House &#8211; Novi Sad Dobrila Markovi\u0107 Geographical Team Leader Vojvodina Aleksandra Bu\u010dko Media and Information Officer Nevena Tasi\u0107 Public Space Manager Sara Sladoje Project Assistant<\/p>\n","protected":false},"author":5,"featured_media":0,"parent":0,"menu_order":0,"comment_status":"closed","ping_status":"closed","template":"","meta":{"_acf_changed":false,"footnotes":""},"class_list":["post-9555","page","type-page","status-publish","hentry"],"acf":[],"_links":{"self":[{"href":"https:\/\/evropskakuca.rs\/en\/wp-json\/wp\/v2\/pages\/9555","targetHints":{"allow":["GET"]}}],"collection":[{"href":"https:\/\/evropskakuca.rs\/en\/wp-json\/wp\/v2\/pages"}],"about":[{"href":"https:\/\/evropskakuca.rs\/en\/wp-json\/wp\/v2\/types\/page"}],"author":[{"embeddable":true,"href":"https:\/\/evropskakuca.rs\/en\/wp-json\/wp\/v2\/users\/5"}],"replies":[{"embeddable":true,"href":"https:\/\/evropskakuca.rs\/en\/wp-json\/wp\/v2\/comments?post=9555"}],"version-history":[{"count":7,"href":"https:\/\/evropskakuca.rs\/en\/wp-json\/wp\/v2\/pages\/9555\/revisions"}],"predecessor-version":[{"id":9891,"href":"https:\/\/evropskakuca.rs\/en\/wp-json\/wp\/v2\/pages\/9555\/revisions\/9891"}],"wp:attachment":[{"href":"https:\/\/evropskakuca.rs\/en\/wp-json\/wp\/v2\/media?parent=9555"}],"curies":[{"name":"wp","href":"https:\/\/api.w.org\/{rel}","templated":true}]}}