{"id":9562,"date":"2024-08-16T12:24:54","date_gmt":"2024-08-16T10:24:54","guid":{"rendered":"https:\/\/evropskakuca.rs\/prijava-dogadjaja\/"},"modified":"2026-03-26T10:37:12","modified_gmt":"2026-03-26T09:37:12","slug":"prijava-dogadjaja","status":"publish","type":"page","link":"https:\/\/evropskakuca.rs\/en\/prijava-dogadjaja\/","title":{"rendered":"Prijava doga\u0111aja Beograd"},"content":{"rendered":"\t\t<div data-elementor-type=\"wp-page\" data-elementor-id=\"9562\" class=\"elementor elementor-9562 elementor-4137\" data-elementor-post-type=\"page\">\n\t\t\t\t<div class=\"elementor-element elementor-element-3ae5407 e-flex e-con-boxed e-con e-parent\" data-id=\"3ae5407\" data-element_type=\"container\" data-e-type=\"container\">\n\t\t\t\t\t<div class=\"e-con-inner\">\n\t\t\t\t\t<\/div>\n\t\t\t\t<\/div>\n\t\t<div class=\"elementor-element elementor-element-3c1716c e-flex e-con-boxed e-con e-parent\" data-id=\"3c1716c\" data-element_type=\"container\" data-e-type=\"container\">\n\t\t\t\t\t<div class=\"e-con-inner\">\n\t\t\t\t<div class=\"elementor-element elementor-element-f094da0 elementor-widget elementor-widget-html\" data-id=\"f094da0\" data-element_type=\"widget\" data-e-type=\"widget\" data-widget_type=\"html.default\">\n\t\t\t\t<div class=\"elementor-widget-container\">\n\t\t\t\t\t    <div id=\"iframe-container\"><\/div>    \n    <script>\n        var url = window.location.pathname;\n        var iframeContainer = document.getElementById('iframe-container');\n        \n        if (url.includes(\"\/en\/\")) {\n            iframeContainer.innerHTML = '<iframe src=\"https:\/\/euinfo.civicatalyst.org\/node\/220\" name=\"iframe_en\" height=\"3100px\" width=\"100%\" title=\"RBook a Venue for Your Event at the Europe House\"><\/iframe>';\n        } else {\n            iframeContainer.innerHTML = '<iframe src=\"https:\/\/euinfo.civicatalyst.org\/node\/220\" name=\"iframe_srb\" height=\"100%\" width=\"100%\" title=\"Rezervi\u0161ite prostor za va\u0161 doga\u0111aj u Evropskoj ku\u0107i\"><\/iframe>';\n        }\n    <\/script>\t\t\t\t<\/div>\n\t\t\t\t<\/div>\n\t\t\t\t\t<\/div>\n\t\t\t\t<\/div>\n\t\t\t\t<\/div>\n\t\t","protected":false},"excerpt":{"rendered":"","protected":false},"author":2,"featured_media":0,"parent":0,"menu_order":0,"comment_status":"closed","ping_status":"closed","template":"elementor_header_footer","meta":{"_acf_changed":false,"footnotes":""},"class_list":["post-9562","page","type-page","status-publish","hentry"],"acf":[],"_links":{"self":[{"href":"https:\/\/evropskakuca.rs\/en\/wp-json\/wp\/v2\/pages\/9562","targetHints":{"allow":["GET"]}}],"collection":[{"href":"https:\/\/evropskakuca.rs\/en\/wp-json\/wp\/v2\/pages"}],"about":[{"href":"https:\/\/evropskakuca.rs\/en\/wp-json\/wp\/v2\/types\/page"}],"author":[{"embeddable":true,"href":"https:\/\/evropskakuca.rs\/en\/wp-json\/wp\/v2\/users\/2"}],"replies":[{"embeddable":true,"href":"https:\/\/evropskakuca.rs\/en\/wp-json\/wp\/v2\/comments?post=9562"}],"version-history":[{"count":10,"href":"https:\/\/evropskakuca.rs\/en\/wp-json\/wp\/v2\/pages\/9562\/revisions"}],"predecessor-version":[{"id":10173,"href":"https:\/\/evropskakuca.rs\/en\/wp-json\/wp\/v2\/pages\/9562\/revisions\/10173"}],"wp:attachment":[{"href":"https:\/\/evropskakuca.rs\/en\/wp-json\/wp\/v2\/media?parent=9562"}],"curies":[{"name":"wp","href":"https:\/\/api.w.org\/{rel}","templated":true}]}}