{"id":9583,"date":"2024-07-24T19:59:52","date_gmt":"2024-07-24T17:59:52","guid":{"rendered":"https:\/\/evropskakuca.rs\/uslovi-koriscenja\/"},"modified":"2026-03-01T18:15:33","modified_gmt":"2026-03-01T17:15:33","slug":"uslovi-koriscenja","status":"publish","type":"page","link":"https:\/\/evropskakuca.rs\/en\/uslovi-koriscenja\/","title":{"rendered":"Uslovi kori\u0161\u0107enja"},"content":{"rendered":"\t\t<div data-elementor-type=\"wp-page\" data-elementor-id=\"9583\" class=\"elementor elementor-9583 elementor-1992\" data-elementor-post-type=\"page\">\n\t\t\t\t<div class=\"elementor-element elementor-element-b487354 e-flex e-con-boxed e-con e-parent\" data-id=\"b487354\" data-element_type=\"container\" data-e-type=\"container\" data-settings=\"{&quot;background_background&quot;:&quot;classic&quot;}\">\n\t\t\t\t\t<div class=\"e-con-inner\">\n\t\t\t\t<div class=\"elementor-element elementor-element-e3f19bd elementor-widget elementor-widget-heading\" data-id=\"e3f19bd\" data-element_type=\"widget\" data-e-type=\"widget\" data-widget_type=\"heading.default\">\n\t\t\t\t<div class=\"elementor-widget-container\">\n\t\t\t\t\t<h2 class=\"elementor-heading-title elementor-size-default\">Uslovi kori\u0161\u0107enja<\/h2>\t\t\t\t<\/div>\n\t\t\t\t<\/div>\n\t\t\t\t\t<\/div>\n\t\t\t\t<\/div>\n\t\t<div class=\"elementor-element elementor-element-e0e5267 e-flex e-con-boxed e-con e-parent\" data-id=\"e0e5267\" data-element_type=\"container\" data-e-type=\"container\">\n\t\t\t\t\t<div class=\"e-con-inner\">\n\t\t\t\t<div class=\"elementor-element elementor-element-5257a85 elementor-widget elementor-widget-heading\" data-id=\"5257a85\" data-element_type=\"widget\" data-e-type=\"widget\" data-widget_type=\"heading.default\">\n\t\t\t\t<div class=\"elementor-widget-container\">\n\t\t\t\t\t<h2 class=\"elementor-heading-title elementor-size-default\">Prikupljanje informacija \u2013 na\u010din i razlog<\/h2>\t\t\t\t<\/div>\n\t\t\t\t<\/div>\n\t\t\t\t<div class=\"elementor-element elementor-element-b57ff80 elementor-widget elementor-widget-text-editor\" data-id=\"b57ff80\" data-element_type=\"widget\" data-e-type=\"widget\" data-widget_type=\"text-editor.default\">\n\t\t\t\t<div class=\"elementor-widget-container\">\n\t\t\t\t\t\t\t\t\t<p>Web sajt tra\u017ei Va\u0161e li\u010dne podatke samo ako \u017eelite koristite neku od na\u0161ih usluga i samovoljno popunite forme na na\u0161em web sajtu.<br \/>Posetite li web sajt, na\u0161 web provider automatski bele\u017ei podatke koju uklju\u010duju IP adresu Va\u0161eg ra\u010dunara, vrstu pretra\u017eiva\u010da, ime domena, vreme posete, adresu web stranice s koje ste do\u0161li, te sve informacije o stranicama koje posetite na na\u0161oj web lokaciji o \u010demu ste bili obave\u0161teni na svim stranicama web sajta.<\/p><p>Ove podatke koristimo za statisti\u010dke analize o kori\u0161\u0107enju na\u0161ih stranica, s ciljem da pobolj\u0161amo kvalitet usluge.<\/p><p>Napomena: na\u0161 web provider ne bele\u017ei Va\u0161u e-mail adresu ili bilo koje druge podatke, koji bi se mogli iskoristiti za Va\u0161u li\u010dnu identifikaciju. Mo\u017eete se isklju\u010diti iz bele\u017eenja ovih podataka ako ispravno podesite va\u0161 web pretra\u017eiva\u010d \u2013 vi\u0161e o tome u nastavku.<\/p>\t\t\t\t\t\t\t\t<\/div>\n\t\t\t\t<\/div>\n\t\t\t\t\t<\/div>\n\t\t\t\t<\/div>\n\t\t<div class=\"elementor-element elementor-element-23f05ae e-flex e-con-boxed e-con e-parent\" data-id=\"23f05ae\" data-element_type=\"container\" data-e-type=\"container\">\n\t\t\t\t\t<div class=\"e-con-inner\">\n\t\t\t\t<div class=\"elementor-element elementor-element-676875b elementor-widget elementor-widget-heading\" data-id=\"676875b\" data-element_type=\"widget\" data-e-type=\"widget\" data-widget_type=\"heading.default\">\n\t\t\t\t<div class=\"elementor-widget-container\">\n\t\t\t\t\t<h2 class=\"elementor-heading-title elementor-size-default\">Podaci koje skupljamo su slede\u0107i:<\/h2>\t\t\t\t<\/div>\n\t\t\t\t<\/div>\n\t\t\t\t<div class=\"elementor-element elementor-element-9b3fedb elementor-widget elementor-widget-text-editor\" data-id=\"9b3fedb\" data-element_type=\"widget\" data-e-type=\"widget\" data-widget_type=\"text-editor.default\">\n\t\t\t\t<div class=\"elementor-widget-container\">\n\t\t\t\t\t\t\t\t\t<p>WDomen i IP adresa;<br \/>Vrstu browser-a i operativnog sistema pomo\u0107u kojeg se pristupilo na\u0161em sajtu;<br \/>Vreme pristupa i du\u017einu posete;<br \/>Strane koje pose\u0107ujete;<br \/>Ukoliko ste posetili na\u0161 web sajt sa nekog drugog sajta, adresu tog sajta;<br \/>Ukoliko nam sami prosledite informacije.<br \/>U kojim slu\u010dajevima bele\u017eimo va\u0161e privatne podatke:<br \/>Postavljanje pitanja\u2028(Ime, email \u2013 na koji vam dostavljamo odgovor)\u2028 Kontakt podaci i pitanja se \u010duvaju u internoj bazi dokle god autor ne tra\u017ei da se pitanje iz interne baze izbri\u0161e.<br \/>Prijava na bilten (newsletter)\u2028(Ime, email adresa)<\/p>\t\t\t\t\t\t\t\t<\/div>\n\t\t\t\t<\/div>\n\t\t\t\t\t<\/div>\n\t\t\t\t<\/div>\n\t\t<div class=\"elementor-element elementor-element-0df5c3a e-flex e-con-boxed e-con e-parent\" data-id=\"0df5c3a\" data-element_type=\"container\" data-e-type=\"container\">\n\t\t\t\t\t<div class=\"e-con-inner\">\n\t\t\t\t<div class=\"elementor-element elementor-element-425e421 elementor-widget elementor-widget-heading\" data-id=\"425e421\" data-element_type=\"widget\" data-e-type=\"widget\" data-widget_type=\"heading.default\">\n\t\t\t\t<div class=\"elementor-widget-container\">\n\t\t\t\t\t<h2 class=\"elementor-heading-title elementor-size-default\">Podaci koje skupljamo su slede\u0107i:<\/h2>\t\t\t\t<\/div>\n\t\t\t\t<\/div>\n\t\t\t\t<div class=\"elementor-element elementor-element-c93d570 elementor-widget elementor-widget-text-editor\" data-id=\"c93d570\" data-element_type=\"widget\" data-e-type=\"widget\" data-widget_type=\"text-editor.default\">\n\t\t\t\t<div class=\"elementor-widget-container\">\n\t\t\t\t\t\t\t\t\t<p>WDomen i IP adresa;<br \/>Vrstu browser-a i operativnog sistema pomo\u0107u kojeg se pristupilo na\u0161em sajtu;<br \/>Vreme pristupa i du\u017einu posete;<br \/>Strane koje pose\u0107ujete;<br \/>Ukoliko ste posetili na\u0161 web sajt sa nekog drugog sajta, adresu tog sajta;<br \/>Ukoliko nam sami prosledite informacije.<br \/>U kojim slu\u010dajevima bele\u017eimo va\u0161e privatne podatke:<br \/>Postavljanje pitanja\u2028(Ime, email \u2013 na koji vam dostavljamo odgovor)\u2028 Kontakt podaci i pitanja se \u010duvaju u internoj bazi dokle god autor ne tra\u017ei da se pitanje iz interne baze izbri\u0161e.<br \/>Prijava na bilten (newsletter)\u2028(Ime, email adresa)<br \/>Domen i IP adresa;<br \/>Vrstu browser-a i operativnog sistema pomo\u0107u kojeg se pristupilo na\u0161em sajtu;<br \/>Vreme pristupa i du\u017einu posete;<br \/>Strane koje pose\u0107ujete;<br \/>Ukoliko ste posetili na\u0161 web sajt sa nekog drugog sajta, adresu tog sajta;<br \/>Ukoliko nam sami prosledite informacije.<br \/>U kojim slu\u010dajevima bele\u017eimo va\u0161e privatne podatke:<br \/>Postavljanje pitanja\u2028(Ime, email \u2013 na koji vam dostavljamo odgovor)\u2028 Kontakt podaci i pitanja se \u010duvaju u internoj bazi dokle god autor ne tra\u017ei da se pitanje iz interne baze izbri\u0161e.<br \/>Prijava na bilten (newsletter)\u2028(Ime, email adresa)<\/p>\t\t\t\t\t\t\t\t<\/div>\n\t\t\t\t<\/div>\n\t\t\t\t\t<\/div>\n\t\t\t\t<\/div>\n\t\t\t\t<\/div>\n\t\t","protected":false},"excerpt":{"rendered":"<p>Uslovi kori\u0161\u0107enja Prikupljanje informacija \u2013 na\u010din i razlog Web sajt tra\u017ei Va\u0161e li\u010dne podatke samo ako \u017eelite koristite neku od na\u0161ih usluga i samovoljno popunite forme na na\u0161em web sajtu. Posetite li web sajt, na\u0161 web provider automatski bele\u017ei podatke koju uklju\u010duju IP adresu Va\u0161eg ra\u010dunara, vrstu pretra\u017eiva\u010da, ime domena, vreme posete, adresu web stranice [&hellip;]<\/p>\n","protected":false},"author":2,"featured_media":0,"parent":0,"menu_order":0,"comment_status":"closed","ping_status":"closed","template":"","meta":{"_acf_changed":false,"footnotes":""},"class_list":["post-9583","page","type-page","status-publish","hentry"],"acf":[],"_links":{"self":[{"href":"https:\/\/evropskakuca.rs\/en\/wp-json\/wp\/v2\/pages\/9583","targetHints":{"allow":["GET"]}}],"collection":[{"href":"https:\/\/evropskakuca.rs\/en\/wp-json\/wp\/v2\/pages"}],"about":[{"href":"https:\/\/evropskakuca.rs\/en\/wp-json\/wp\/v2\/types\/page"}],"author":[{"embeddable":true,"href":"https:\/\/evropskakuca.rs\/en\/wp-json\/wp\/v2\/users\/2"}],"replies":[{"embeddable":true,"href":"https:\/\/evropskakuca.rs\/en\/wp-json\/wp\/v2\/comments?post=9583"}],"version-history":[{"count":1,"href":"https:\/\/evropskakuca.rs\/en\/wp-json\/wp\/v2\/pages\/9583\/revisions"}],"predecessor-version":[{"id":9585,"href":"https:\/\/evropskakuca.rs\/en\/wp-json\/wp\/v2\/pages\/9583\/revisions\/9585"}],"wp:attachment":[{"href":"https:\/\/evropskakuca.rs\/en\/wp-json\/wp\/v2\/media?parent=9583"}],"curies":[{"name":"wp","href":"https:\/\/api.w.org\/{rel}","templated":true}]}}